{"id":841,"date":"2018-06-02T22:39:24","date_gmt":"2018-06-02T20:39:24","guid":{"rendered":"http:\/\/iza-art.pl\/?page_id=841"},"modified":"2018-09-14T00:05:48","modified_gmt":"2018-09-13T22:05:48","slug":"hrabal-pilzno","status":"publish","type":"page","link":"https:\/\/iza-art.pl\/pl\/hrabal-pilzno\/","title":{"rendered":"Hrabal &#8211; Pilzno"},"content":{"rendered":"\t\t<div data-elementor-type=\"wp-post\" data-elementor-id=\"841\" class=\"elementor elementor-841 elementor-bc-flex-widget\">\n\t\t\t\t\t\t<div class=\"elementor-inner\">\n\t\t\t\t<div class=\"elementor-section-wrap\">\n\t\t\t\t\t\t\t\t\t<section class=\"has_eae_slider elementor-section elementor-top-section elementor-element elementor-element-7a1ae92b elementor-section-items-stretch elementor-section-stretched elementor-section-height-min-height elementor-section-full_width elementor-section-height-default\" data-id=\"7a1ae92b\" data-element_type=\"section\" data-settings=\"{&quot;background_background&quot;:&quot;classic&quot;,&quot;stretch_section&quot;:&quot;section-stretched&quot;}\">\n\t\t\t\t\t\t\t<div class=\"elementor-background-overlay\"><\/div>\n\t\t\t\t\t\t\t<div class=\"elementor-container elementor-column-gap-no\">\n\t\t\t\t\t\t\t<div class=\"elementor-row\">\n\t\t\t\t\t<div class=\"has_eae_slider elementor-column elementor-col-100 elementor-top-column elementor-element elementor-element-49beb6d9\" data-id=\"49beb6d9\" data-element_type=\"column\">\n\t\t\t<div class=\"elementor-column-wrap elementor-element-populated\">\n\t\t\t\t\t\t\t<div class=\"elementor-widget-wrap\">\n\t\t\t\t\t\t<div class=\"elementor-element elementor-element-5529159b elementor-widget elementor-widget-image-gallery\" data-id=\"5529159b\" data-element_type=\"widget\" data-widget_type=\"image-gallery.default\">\n\t\t\t\t<div class=\"elementor-widget-container\">\n\t\t\t\t\t<div class=\"elementor-image-gallery\">\n\t\t\t\t\t<div style=\"clear:both\"><\/div>\n\t\t<div class=\"psgal_wrap\">\n\t\t\t<div id=\"psgal_841_1\" data-psgal_id=\"841_1\" data-psgal_container_id=\"container_841_1\" data-psgal_thumbnail_width=\"320\" data-psgal_use_masonary=\"0\" class=\"psgal-inline psgal gallery-columns-4 gallery-size-thumbnail use_masonry_ show_captions_\" itemscope itemtype=\"http:\/\/schema.org\/ImageGallery\">\n\t\t\t\t\t\t\t\t\t\t<figure class=\"msnry_items\" itemscope itemtype=\"http:\/\/schema.org\/ImageObject\" style=\"width:320px;\">\n\t\t\t\t\t\t\t<a href=\"https:\/\/iza-art.pl\/wp-content\/uploads\/2018\/06\/4.jpg\" itemprop=\"contentUrl\" data-size=\"1000x1429\" data-caption=\"\" style=\"height:442.71875px;\">\n\t\t\t\t\t\t\t\t<img decoding=\"async\" class=\"msnry_thumb\" src=\"https:\/\/iza-art.pl\/wp-content\/uploads\/2018\/06\/4-700x1000.jpg\" itemprop=\"thumbnail\" alt=\"\" \/>\n\t\t\t\t\t\t\t<\/a>\n\t\t\t\t\t\t\t\t\t\t\t\t\t\t<figcaption class=\"photoswipe-gallery-caption\" style=\"display:none;\"><\/figcaption>\n\n\t\t\t\t\t\t<\/figure>\n\t\t\t\t\t\t\t\t\t\t<figure class=\"msnry_items\" itemscope itemtype=\"http:\/\/schema.org\/ImageObject\" style=\"width:320px;\">\n\t\t\t\t\t\t\t<a href=\"https:\/\/iza-art.pl\/wp-content\/uploads\/2018\/06\/5.jpg\" itemprop=\"contentUrl\" data-size=\"1000x1429\" data-caption=\"\" style=\"height:442.71875px;\">\n\t\t\t\t\t\t\t\t<img decoding=\"async\" class=\"msnry_thumb\" src=\"https:\/\/iza-art.pl\/wp-content\/uploads\/2018\/06\/5-700x1000.jpg\" itemprop=\"thumbnail\" alt=\"\" \/>\n\t\t\t\t\t\t\t<\/a>\n\t\t\t\t\t\t\t\t\t\t\t\t\t\t<figcaption class=\"photoswipe-gallery-caption\" style=\"display:none;\"><\/figcaption>\n\n\t\t\t\t\t\t<\/figure>\n\t\t\t\t\t\t\t\t\t\t<figure class=\"msnry_items\" itemscope itemtype=\"http:\/\/schema.org\/ImageObject\" style=\"width:320px;\">\n\t\t\t\t\t\t\t<a href=\"https:\/\/iza-art.pl\/wp-content\/uploads\/2018\/06\/17.jpg\" itemprop=\"contentUrl\" data-size=\"800x1143\" data-caption=\"\" style=\"height:442.71875px;\">\n\t\t\t\t\t\t\t\t<img decoding=\"async\" class=\"msnry_thumb\" src=\"https:\/\/iza-art.pl\/wp-content\/uploads\/2018\/06\/17-700x1000.jpg\" itemprop=\"thumbnail\" alt=\"\" \/>\n\t\t\t\t\t\t\t<\/a>\n\t\t\t\t\t\t\t\t\t\t\t\t\t\t<figcaption class=\"photoswipe-gallery-caption\" style=\"display:none;\"><\/figcaption>\n\n\t\t\t\t\t\t<\/figure>\n\t\t\t\t\t\t\t\t\t\t<figure class=\"msnry_items\" itemscope itemtype=\"http:\/\/schema.org\/ImageObject\" style=\"width:320px;\">\n\t\t\t\t\t\t\t<a href=\"https:\/\/iza-art.pl\/wp-content\/uploads\/2018\/06\/22.jpg\" itemprop=\"contentUrl\" data-size=\"800x1143\" data-caption=\"\" style=\"height:442.71875px;\">\n\t\t\t\t\t\t\t\t<img decoding=\"async\" class=\"msnry_thumb\" src=\"https:\/\/iza-art.pl\/wp-content\/uploads\/2018\/06\/22-700x1000.jpg\" itemprop=\"thumbnail\" alt=\"\" \/>\n\t\t\t\t\t\t\t<\/a>\n\t\t\t\t\t\t\t\t\t\t\t\t\t\t<figcaption class=\"photoswipe-gallery-caption\" style=\"display:none;\"><\/figcaption>\n\n\t\t\t\t\t\t<\/figure>\n\t\t\t\t\t\t\t\t\t\t<figure class=\"msnry_items\" itemscope itemtype=\"http:\/\/schema.org\/ImageObject\" style=\"width:320px;\">\n\t\t\t\t\t\t\t<a href=\"https:\/\/iza-art.pl\/wp-content\/uploads\/2018\/06\/7.jpg\" itemprop=\"contentUrl\" data-size=\"1000x1429\" data-caption=\"\" style=\"height:442.71875px;\">\n\t\t\t\t\t\t\t\t<img decoding=\"async\" class=\"msnry_thumb\" src=\"https:\/\/iza-art.pl\/wp-content\/uploads\/2018\/06\/7-700x1000.jpg\" itemprop=\"thumbnail\" alt=\"\" \/>\n\t\t\t\t\t\t\t<\/a>\n\t\t\t\t\t\t\t\t\t\t\t\t\t\t<figcaption class=\"photoswipe-gallery-caption\" style=\"display:none;\"><\/figcaption>\n\n\t\t\t\t\t\t<\/figure>\n\t\t\t\t\t\t\t\t\t\t<figure class=\"msnry_items\" itemscope itemtype=\"http:\/\/schema.org\/ImageObject\" style=\"width:320px;\">\n\t\t\t\t\t\t\t<a href=\"https:\/\/iza-art.pl\/wp-content\/uploads\/2018\/06\/8.jpg\" itemprop=\"contentUrl\" data-size=\"1000x1429\" data-caption=\"\" style=\"height:442.71875px;\">\n\t\t\t\t\t\t\t\t<img decoding=\"async\" class=\"msnry_thumb\" src=\"https:\/\/iza-art.pl\/wp-content\/uploads\/2018\/06\/8-700x1000.jpg\" itemprop=\"thumbnail\" alt=\"\" \/>\n\t\t\t\t\t\t\t<\/a>\n\t\t\t\t\t\t\t\t\t\t\t\t\t\t<figcaption class=\"photoswipe-gallery-caption\" style=\"display:none;\"><\/figcaption>\n\n\t\t\t\t\t\t<\/figure>\n\t\t\t\t\t\t\t\t\t\t<figure class=\"msnry_items\" itemscope itemtype=\"http:\/\/schema.org\/ImageObject\" style=\"width:320px;\">\n\t\t\t\t\t\t\t<a href=\"https:\/\/iza-art.pl\/wp-content\/uploads\/2018\/06\/6.jpg\" itemprop=\"contentUrl\" data-size=\"1000x1429\" data-caption=\"\" style=\"height:442.71875px;\">\n\t\t\t\t\t\t\t\t<img decoding=\"async\" class=\"msnry_thumb\" src=\"https:\/\/iza-art.pl\/wp-content\/uploads\/2018\/06\/6-700x1000.jpg\" itemprop=\"thumbnail\" alt=\"\" \/>\n\t\t\t\t\t\t\t<\/a>\n\t\t\t\t\t\t\t\t\t\t\t\t\t\t<figcaption class=\"photoswipe-gallery-caption\" style=\"display:none;\"><\/figcaption>\n\n\t\t\t\t\t\t<\/figure>\n\t\t\t\t\t\t\t<\/div>\n\t\t<\/div>\n\t\t<div style='clear:both'><\/div>\n\t\t<\/div>\n\t\t\t\t<\/div>\n\t\t\t\t<\/div>\n\t\t\t\t<div class=\"elementor-element elementor-element-daa2113 elementor-hidden-phone elementor-hidden-tablet eae-fb-animate-vertical elementor-widget elementor-widget-wts-flipbox\" data-id=\"daa2113\" data-element_type=\"widget\" data-widget_type=\"wts-flipbox.default\">\n\t\t\t\t<div class=\"elementor-widget-container\">\n\t\t\t\t\t<div class=\"eae-flip-box-wrapper\">\n\t\t\t<div class=\"eae-flip-box-inner\" onclick=\"\">\n\n\t\t\t\t<div class=\"eae-flip-box-front\">\n\t\t\t\t\t<div class=\"flipbox-content\">\n\t\t\t\t\t\t\t\t\t\t\t\t\t<div class=\"icon-wrapper eae-fb-icon-view-default eae-fb-icon-shape-\">\n\t\t\t\t\t\t\t\t\t\t\t\t\t\t\t\t\t<i class=\"\"><\/i>\n\t\t\t\t\t\t\t\t\t\t\t\t\t\t\t<\/div>\n\t\t\t\t\t\t\n\t\t\t\t\t\t<h3 class=\"front-icon-title\"><p align=\"left\">Pilzno<\/p><\/h3>\n\t\t\t\t\t\t\t\t\t\t\t\t\t<p>\n\t\t\t\t\t\t\t\t<p align=\"left\">Ale najpi\u0119kniejsze wtedy by\u0142o to, \u017ce redaktorka  i reporterka Wolnej Europy spyta\u0142a si\u0119 mnie, czy smakowa\u0142o mi mannheimskie piwo.<br> A ja powiedzia\u0142em jej do aparatu... Dobre, ale najlepsze na \u015bwiecie piwo to pilzner.<br> Czym dla katolika jest Rzym, czym dla komunisty Moskwa, tym dla piwosza jest Pilzno... co\u017c!<\/p>\t\t\t\t\t\t\t<\/p>\n\t\t\t\t\t\t\t\t\t\t\t<\/div>\n\t\t\t\t<\/div>\n\n\t\t\t\t<div class=\"eae-flip-box-back\">\n\t\t\t\t\t<div class=\"flipbox-content\">\n\t\t\t\t\t\t\t\t\t\t\t\t\t<div class=\"icon-wrapper eae-fb-icon-view-default eae-fb-icon-shape-\">\n\t\t\t\t\t\t\t\t\t\t\t\t\t\t\t\t\t<i class=\"\"><\/i>\n\t\t\t\t\t\t\t\t\t\t\t\t\t\t\t<\/div>\n\t\t\t\t\t\t\n\t\t\t\t\t\t<h3 class=\"back-icon-title\">Autor<\/h3>\n\t\t\t\t\t\t\t\t\t\t\t\t\t<p>\n\t\t\t\t\t\t\t\tBogumil Hrabal\t\t\t\t\t\t\t<\/p>\n\t\t\t\t\t\t\n\t\t\t\t\t\t\t\t\t\t\t<\/div>\n\t\t\t\t<\/div>\n\n\t\t\t<\/div>\n\t\t<\/div>\n\t\t\t\t<\/div>\n\t\t\t\t<\/div>\n\t\t\t\t<div class=\"elementor-element elementor-element-700022e elementor-hidden-desktop elementor-widget elementor-widget-text-editor\" data-id=\"700022e\" data-element_type=\"widget\" data-widget_type=\"text-editor.default\">\n\t\t\t\t<div class=\"elementor-widget-container\">\n\t\t\t\t\t\t\t\t<div class=\"elementor-text-editor elementor-clearfix\">\n\t\t\t\t<p><span style=\"font-size: 18pt;\">Pilzno<\/span><\/p><p>Ale najpi\u0119kniejsze wtedy by\u0142o to, \u017ce redaktorka i\u00a0reporterka Wolnej Europy spyta\u0142a si\u0119 mnie, czy smakowa\u0142o mi mannheimskie piwo.<\/p><p>A ja powiedzia\u0142em jej do aparatu&#8230; Dobre, ale najlepsze na \u015bwiecie piwo to pilzner.<\/p><p>Czym dla katolika jest Rzym, czym dla komunisty Moskwa, tym dla piwosza jest Pilzno&#8230; co\u017c!<\/p><p><em>Autor: Bogumil Hrabal<\/em><\/p>\t\t\t\t\t<\/div>\n\t\t\t\t\t\t<\/div>\n\t\t\t\t<\/div>\n\t\t\t\t\t\t<\/div>\n\t\t\t\t\t<\/div>\n\t\t<\/div>\n\t\t\t\t\t\t\t\t<\/div>\n\t\t\t\t\t<\/div>\n\t\t<\/section>\n\t\t\t\t\t\t\t\t\t<\/div>\n\t\t\t<\/div>\n\t\t\t\t\t<\/div>\n\t\t","protected":false},"excerpt":{"rendered":"<p>Pilzno Ale najpi\u0119kniejsze wtedy by\u0142o to, \u017ce redaktorka i reporterka Wolnej Europy spyta\u0142a si\u0119 mnie, czy smakowa\u0142o mi mannheimskie piwo. A ja powiedzia\u0142em jej do aparatu&#8230; Dobre, ale najlepsze na \u015bwiecie piwo to pilzner. Czym dla katolika jest Rzym, czym dla komunisty Moskwa, tym dla piwosza jest Pilzno&#8230; co\u017c! Autor Bogumil Hrabal Pilzno Ale najpi\u0119kniejsze [&hellip;]<\/p>\n","protected":false},"author":1,"featured_media":0,"parent":0,"menu_order":0,"comment_status":"closed","ping_status":"closed","template":"","meta":{"inline_featured_image":false},"_links":{"self":[{"href":"https:\/\/iza-art.pl\/pl\/wp-json\/wp\/v2\/pages\/841"}],"collection":[{"href":"https:\/\/iza-art.pl\/pl\/wp-json\/wp\/v2\/pages"}],"about":[{"href":"https:\/\/iza-art.pl\/pl\/wp-json\/wp\/v2\/types\/page"}],"author":[{"embeddable":true,"href":"https:\/\/iza-art.pl\/pl\/wp-json\/wp\/v2\/users\/1"}],"replies":[{"embeddable":true,"href":"https:\/\/iza-art.pl\/pl\/wp-json\/wp\/v2\/comments?post=841"}],"version-history":[{"count":26,"href":"https:\/\/iza-art.pl\/pl\/wp-json\/wp\/v2\/pages\/841\/revisions"}],"predecessor-version":[{"id":1588,"href":"https:\/\/iza-art.pl\/pl\/wp-json\/wp\/v2\/pages\/841\/revisions\/1588"}],"wp:attachment":[{"href":"https:\/\/iza-art.pl\/pl\/wp-json\/wp\/v2\/media?parent=841"}],"curies":[{"name":"wp","href":"https:\/\/api.w.org\/{rel}","templated":true}]}}