{"id":837,"date":"2018-06-02T22:35:18","date_gmt":"2018-06-02T20:35:18","guid":{"rendered":"http:\/\/iza-art.pl\/?page_id=837"},"modified":"2018-09-14T00:00:15","modified_gmt":"2018-09-13T22:00:15","slug":"maly-reportaz","status":"publish","type":"page","link":"https:\/\/iza-art.pl\/pl\/maly-reportaz\/","title":{"rendered":"Ma\u0142y reporta\u017c"},"content":{"rendered":"\t\t<div data-elementor-type=\"wp-post\" data-elementor-id=\"837\" class=\"elementor elementor-837 elementor-bc-flex-widget\">\n\t\t\t\t\t\t<div class=\"elementor-inner\">\n\t\t\t\t<div class=\"elementor-section-wrap\">\n\t\t\t\t\t\t\t\t\t<section class=\"has_eae_slider elementor-section elementor-top-section elementor-element elementor-element-1b725a39 elementor-section-items-stretch elementor-section-stretched elementor-section-height-min-height elementor-section-boxed elementor-section-height-default\" data-id=\"1b725a39\" data-element_type=\"section\" data-settings=\"{&quot;background_background&quot;:&quot;classic&quot;,&quot;stretch_section&quot;:&quot;section-stretched&quot;}\">\n\t\t\t\t\t\t\t<div class=\"elementor-background-overlay\"><\/div>\n\t\t\t\t\t\t\t<div class=\"elementor-container elementor-column-gap-no\">\n\t\t\t\t\t\t\t<div class=\"elementor-row\">\n\t\t\t\t\t<div class=\"has_eae_slider elementor-column elementor-col-100 elementor-top-column elementor-element elementor-element-4a4a9207\" data-id=\"4a4a9207\" data-element_type=\"column\">\n\t\t\t<div class=\"elementor-column-wrap elementor-element-populated\">\n\t\t\t\t\t\t\t<div class=\"elementor-widget-wrap\">\n\t\t\t\t\t\t<div class=\"elementor-element elementor-element-4f253d9e elementor-widget elementor-widget-image-gallery\" data-id=\"4f253d9e\" data-element_type=\"widget\" data-widget_type=\"image-gallery.default\">\n\t\t\t\t<div class=\"elementor-widget-container\">\n\t\t\t\t\t<div class=\"elementor-image-gallery\">\n\t\t\t\t\t<div style=\"clear:both\"><\/div>\n\t\t<div class=\"psgal_wrap\">\n\t\t\t<div id=\"psgal_837_1\" data-psgal_id=\"837_1\" data-psgal_container_id=\"container_837_1\" data-psgal_thumbnail_width=\"320\" data-psgal_use_masonary=\"0\" class=\"psgal-inline psgal gallery-columns-4 gallery-size-full use_masonry_ show_captions_\" itemscope itemtype=\"http:\/\/schema.org\/ImageGallery\">\n\t\t\t\t\t\t\t\t\t\t<figure class=\"msnry_items\" itemscope itemtype=\"http:\/\/schema.org\/ImageObject\" style=\"width:320px;\">\n\t\t\t\t\t\t\t<a href=\"https:\/\/iza-art.pl\/wp-content\/uploads\/2018\/06\/24.jpg\" itemprop=\"contentUrl\" data-size=\"800x1143\" data-caption=\"\" style=\"height:442.71875px;\">\n\t\t\t\t\t\t\t\t<img decoding=\"async\" class=\"msnry_thumb\" src=\"https:\/\/iza-art.pl\/wp-content\/uploads\/2018\/06\/24-700x1000.jpg\" itemprop=\"thumbnail\" alt=\"\" \/>\n\t\t\t\t\t\t\t<\/a>\n\t\t\t\t\t\t\t\t\t\t\t\t\t\t<figcaption class=\"photoswipe-gallery-caption\" style=\"display:none;\"><\/figcaption>\n\n\t\t\t\t\t\t<\/figure>\n\t\t\t\t\t\t\t\t\t\t<figure class=\"msnry_items\" itemscope itemtype=\"http:\/\/schema.org\/ImageObject\" style=\"width:320px;\">\n\t\t\t\t\t\t\t<a href=\"https:\/\/iza-art.pl\/wp-content\/uploads\/2018\/06\/25.jpg\" itemprop=\"contentUrl\" data-size=\"800x1143\" data-caption=\"\" style=\"height:442.71875px;\">\n\t\t\t\t\t\t\t\t<img decoding=\"async\" class=\"msnry_thumb\" src=\"https:\/\/iza-art.pl\/wp-content\/uploads\/2018\/06\/25-700x1000.jpg\" itemprop=\"thumbnail\" alt=\"\" \/>\n\t\t\t\t\t\t\t<\/a>\n\t\t\t\t\t\t\t\t\t\t\t\t\t\t<figcaption class=\"photoswipe-gallery-caption\" style=\"display:none;\"><\/figcaption>\n\n\t\t\t\t\t\t<\/figure>\n\t\t\t\t\t\t\t\t\t\t<figure class=\"msnry_items\" itemscope itemtype=\"http:\/\/schema.org\/ImageObject\" style=\"width:320px;\">\n\t\t\t\t\t\t\t<a href=\"https:\/\/iza-art.pl\/wp-content\/uploads\/2018\/06\/26.jpg\" itemprop=\"contentUrl\" data-size=\"800x1143\" data-caption=\"\" style=\"height:442.71875px;\">\n\t\t\t\t\t\t\t\t<img decoding=\"async\" class=\"msnry_thumb\" src=\"https:\/\/iza-art.pl\/wp-content\/uploads\/2018\/06\/26-700x1000.jpg\" itemprop=\"thumbnail\" alt=\"\" \/>\n\t\t\t\t\t\t\t<\/a>\n\t\t\t\t\t\t\t\t\t\t\t\t\t\t<figcaption class=\"photoswipe-gallery-caption\" style=\"display:none;\"><\/figcaption>\n\n\t\t\t\t\t\t<\/figure>\n\t\t\t\t\t\t\t\t\t\t<figure class=\"msnry_items\" itemscope itemtype=\"http:\/\/schema.org\/ImageObject\" style=\"width:320px;\">\n\t\t\t\t\t\t\t<a href=\"https:\/\/iza-art.pl\/wp-content\/uploads\/2018\/06\/1.jpg\" itemprop=\"contentUrl\" data-size=\"1000x1323\" data-caption=\"\" style=\"height:410.265625px;\">\n\t\t\t\t\t\t\t\t<img decoding=\"async\" class=\"msnry_thumb\" src=\"https:\/\/iza-art.pl\/wp-content\/uploads\/2018\/06\/1-700x926.jpg\" itemprop=\"thumbnail\" alt=\"\" \/>\n\t\t\t\t\t\t\t<\/a>\n\t\t\t\t\t\t\t\t\t\t\t\t\t\t<figcaption class=\"photoswipe-gallery-caption\" style=\"display:none;\"><\/figcaption>\n\n\t\t\t\t\t\t<\/figure>\n\t\t\t\t\t\t\t<\/div>\n\t\t<\/div>\n\t\t<div style='clear:both'><\/div>\n\t\t<\/div>\n\t\t\t\t<\/div>\n\t\t\t\t<\/div>\n\t\t\t\t<div class=\"elementor-element elementor-element-2fccb7d elementor-hidden-desktop elementor-widget elementor-widget-text-editor\" data-id=\"2fccb7d\" data-element_type=\"widget\" data-widget_type=\"text-editor.default\">\n\t\t\t\t<div class=\"elementor-widget-container\">\n\t\t\t\t\t\t\t\t<div class=\"elementor-text-editor elementor-clearfix\">\n\t\t\t\t<p>Ma\u0142y Reporta\u017c<\/p><p>Spacerowa\u0142em po Sopocie w poszukiwaniu muz; uda\u0142em si\u0119 do jakiej\u015b knajpki. Z powodu przygn\u0119bienia mia\u0142em ochot\u0119 napi\u0107 si\u0119 czego\u015b mocniejszego i zam\u00f3wi\u0142em grog.<\/p><p>Dopija\u0142em swoj\u0105 szklank\u0119, kiedy drzwi otworzy\u0142y si\u0119 i wszed\u0142 kapitan. Wskaza\u0142 na mnie palcem i powiedzia\u0142 kr\u00f3tko:<\/p><p>\u2013 Potrzebuj\u0119 jakiego\u015b majtka.<\/p><p>Szklanka wypad\u0142a mi z r\u0119ki; pozwoli\u0142em sobie wyrazi\u0107 drobn\u0105 obiekcj\u0119:<\/p><p>\u2013 Jestem tylko skromnym reporta\u017cyst\u0105, cz\u0142owiekiem wsp\u00f3\u0142czesnym i wra\u017cliwym.<\/p><p>\u2013 Nic nie szkodzi. Zabieraj manatki, synu, i lepiej si\u0119 pospiesz \u2013 odpar\u0142 kapitan.<\/p><p>Nieca\u0142\u0105 godzin\u0119 p\u00f3\u017aniej, pomimo w\u015bciek\u0142ej zawieruchy, by\u0142em ju\u017c na pe\u0142nym morzu.<\/p><p>\u2013 Dok\u0105d p\u0142yniemy? \u2013 zapyta\u0142em jakiego\u015b szczerbatego kuternog\u0119, kt\u00f3rego zadaniem by\u0142a opieka nad beczkami z rumem; jedyn\u0105 odpowiedzi\u0105, jak\u0105 uzyska\u0142em, by\u0142 tajemniczy i niepokoj\u0105cy b\u0142ysk w jego oku.<\/p><p>Kto\u015b zawo\u0142a\u0142, bym \u201ezarefowa\u0142 fok\u201d, ale odpar\u0142em, \u017ce nie rozumiem, i schowa\u0142em si\u0119 za jedn\u0105 z beczek.(&#8230;)<\/p><p>Postanowi\u0142em, \u017ce zanim do\u0142\u0105cz\u0119 do bitki, poszukam jakiego\u015b banda\u017ca. Pr\u00f3bowa\u0142em zasi\u0119gn\u0105\u0107 j\u0119zyka, gdzie znajduje si\u0119 apteczka, ale za\u0142oga by\u0142a tak zaj\u0119ta fechtunkiem, \u017ce da\u0142em za wygran\u0105 i wr\u00f3ci\u0142em do swojego suchego k\u0105ta.(&#8230;)<\/p><p>Ockn\u0105\u0142em si\u0119 na jakiej\u015b pla\u017cy, otoczony rupieciami. Zrozumia\u0142em, \u017ce okr\u0119t zaton\u0105\u0142. Zdaje si\u0119, \u017ce obok le\u017ca\u0142 kapelusz kapitana, kt\u00f3ry nie mia\u0142 tyle szcz\u0119\u015bcia, co ja. \u201eG\u0142upi to ma szcz\u0119\u015bcie\u201d \u2013 pomy\u015bla\u0142em.<\/p><p>Szcz\u0119\u015bliwie chwil\u0119 p\u00f3\u017aniej spotka\u0142em przechodz\u0105cego pla\u017c\u0105 redaktora naczelnego i od razu podyktowa\u0142em mu ca\u0142\u0105 t\u0119 zadziwiaj\u0105c\u0105 przygod\u0119.<\/p><p>Autor: Tomasz Wi\u015bniewski, Przekr\u00f3j<\/p>\t\t\t\t\t<\/div>\n\t\t\t\t\t\t<\/div>\n\t\t\t\t<\/div>\n\t\t\t\t<div class=\"elementor-element elementor-element-cf4ffae elementor-hidden-phone elementor-hidden-tablet eae-fb-animate-vertical elementor-widget elementor-widget-wts-flipbox\" data-id=\"cf4ffae\" data-element_type=\"widget\" data-widget_type=\"wts-flipbox.default\">\n\t\t\t\t<div class=\"elementor-widget-container\">\n\t\t\t\t\t<div class=\"eae-flip-box-wrapper\">\n\t\t\t<div class=\"eae-flip-box-inner\" onclick=\"\">\n\n\t\t\t\t<div class=\"eae-flip-box-front\">\n\t\t\t\t\t<div class=\"flipbox-content\">\n\t\t\t\t\t\t\t\t\t\t\t\t\t<div class=\"icon-wrapper eae-fb-icon-view-default eae-fb-icon-shape-\">\n\t\t\t\t\t\t\t\t\t\t\t\t\t\t\t\t\t<i class=\"\"><\/i>\n\t\t\t\t\t\t\t\t\t\t\t\t\t\t\t<\/div>\n\t\t\t\t\t\t\n\t\t\t\t\t\t<h3 class=\"front-icon-title\"><p align=\"left\">Ma\u0142y Reporta\u017c<\/p><\/h3>\n\t\t\t\t\t\t\t\t\t\t\t\t\t<p>\n\t\t\t\t\t\t\t\t<p align=\"left\">Spacerowa\u0142em po Sopocie w poszukiwaniu muz; uda\u0142em si\u0119 do jakiej\u015b knajpki. Z powodu przygn\u0119bienia mia\u0142em ochot\u0119 napi\u0107 si\u0119 czego\u015b mocniejszego i zam\u00f3wi\u0142em grog.<br>\n\nDopija\u0142em swoj\u0105 szklank\u0119, kiedy drzwi otworzy\u0142y si\u0119 i wszed\u0142 kapitan. Wskaza\u0142 na mnie palcem i powiedzia\u0142 kr\u00f3tko:<br>\n\n\u2013 Potrzebuj\u0119 jakiego\u015b majtka.<br>\n\nSzklanka wypad\u0142a mi z r\u0119ki; pozwoli\u0142em sobie wyrazi\u0107 drobn\u0105 obiekcj\u0119:<br>\n\n\u2013 Jestem tylko skromnym reporta\u017cyst\u0105, cz\u0142owiekiem wsp\u00f3\u0142czesnym i wra\u017cliwym.<br>\n\n\u2013 Nic nie szkodzi. Zabieraj manatki, synu, i lepiej si\u0119 pospiesz \u2013 odpar\u0142 kapitan.<br>\n\nNieca\u0142\u0105 godzin\u0119 p\u00f3\u017aniej, pomimo w\u015bciek\u0142ej zawieruchy, by\u0142em ju\u017c na pe\u0142nym morzu.<br>\n\n\u2013 Dok\u0105d p\u0142yniemy? \u2013 zapyta\u0142em jakiego\u015b szczerbatego kuternog\u0119, kt\u00f3rego zadaniem by\u0142a opieka nad beczkami z rumem; jedyn\u0105 odpowiedzi\u0105, jak\u0105 uzyska\u0142em, by\u0142 tajemniczy i niepokoj\u0105cy b\u0142ysk w jego oku.<br>\n\nKto\u015b zawo\u0142a\u0142, bym \u201ezarefowa\u0142 fok\u201d, ale odpar\u0142em, \u017ce nie rozumiem, i schowa\u0142em si\u0119 za jedn\u0105 z beczek.(...)\n\nPostanowi\u0142em, \u017ce zanim do\u0142\u0105cz\u0119 do bitki, poszukam jakiego\u015b banda\u017ca. Pr\u00f3bowa\u0142em zasi\u0119gn\u0105\u0107 j\u0119zyka, gdzie znajduje si\u0119 apteczka, ale za\u0142oga by\u0142a tak zaj\u0119ta fechtunkiem, \u017ce da\u0142em za wygran\u0105 i wr\u00f3ci\u0142em do swojego suchego k\u0105ta.(...)<br>\n\nOckn\u0105\u0142em si\u0119 na jakiej\u015b pla\u017cy, otoczony rupieciami. Zrozumia\u0142em, \u017ce okr\u0119t zaton\u0105\u0142. <br>Zdaje si\u0119, \u017ce obok le\u017ca\u0142 kapelusz kapitana, kt\u00f3ry nie mia\u0142 tyle szcz\u0119\u015bcia, co ja. \u201eG\u0142upi to ma szcz\u0119\u015bcie\u201d \u2013 pomy\u015bla\u0142em.\n\nSzcz\u0119\u015bliwie chwil\u0119 p\u00f3\u017aniej spotka\u0142em przechodz\u0105cego pla\u017c\u0105 redaktora naczelnego i od razu podyktowa\u0142em mu ca\u0142\u0105 t\u0119 zadziwiaj\u0105c\u0105 przygod\u0119.<\/p>\t\t\t\t\t\t\t<\/p>\n\t\t\t\t\t\t\t\t\t\t\t<\/div>\n\t\t\t\t<\/div>\n\n\t\t\t\t<div class=\"eae-flip-box-back\">\n\t\t\t\t\t<div class=\"flipbox-content\">\n\t\t\t\t\t\t\t\t\t\t\t\t\t<div class=\"icon-wrapper eae-fb-icon-view-default eae-fb-icon-shape-\">\n\t\t\t\t\t\t\t\t\t\t\t\t\t\t\t\t\t<i class=\"\"><\/i>\n\t\t\t\t\t\t\t\t\t\t\t\t\t\t\t<\/div>\n\t\t\t\t\t\t\n\t\t\t\t\t\t<h3 class=\"back-icon-title\">Autor<\/h3>\n\t\t\t\t\t\t\t\t\t\t\t\t\t<p>\n\t\t\t\t\t\t\t\tTomasz Wi\u015bniewski<br>\nPrzekr\u00f3j\t\t\t\t\t\t\t<\/p>\n\t\t\t\t\t\t\n\t\t\t\t\t\t\t\t\t\t\t<\/div>\n\t\t\t\t<\/div>\n\n\t\t\t<\/div>\n\t\t<\/div>\n\t\t\t\t<\/div>\n\t\t\t\t<\/div>\n\t\t\t\t\t\t<\/div>\n\t\t\t\t\t<\/div>\n\t\t<\/div>\n\t\t\t\t\t\t\t\t<\/div>\n\t\t\t\t\t<\/div>\n\t\t<\/section>\n\t\t\t\t\t\t\t\t\t<\/div>\n\t\t\t<\/div>\n\t\t\t\t\t<\/div>\n\t\t","protected":false},"excerpt":{"rendered":"<p>Ma\u0142y Reporta\u017c Spacerowa\u0142em po Sopocie w poszukiwaniu muz; uda\u0142em si\u0119 do jakiej\u015b knajpki. Z powodu przygn\u0119bienia mia\u0142em ochot\u0119 napi\u0107 si\u0119 czego\u015b mocniejszego i zam\u00f3wi\u0142em grog. Dopija\u0142em swoj\u0105 szklank\u0119, kiedy drzwi otworzy\u0142y si\u0119 i wszed\u0142 kapitan. Wskaza\u0142 na mnie palcem i powiedzia\u0142 kr\u00f3tko: \u2013 Potrzebuj\u0119 jakiego\u015b majtka. Szklanka wypad\u0142a mi z r\u0119ki; pozwoli\u0142em sobie wyrazi\u0107 drobn\u0105 [&hellip;]<\/p>\n","protected":false},"author":1,"featured_media":0,"parent":0,"menu_order":0,"comment_status":"closed","ping_status":"closed","template":"","meta":{"inline_featured_image":false},"_links":{"self":[{"href":"https:\/\/iza-art.pl\/pl\/wp-json\/wp\/v2\/pages\/837"}],"collection":[{"href":"https:\/\/iza-art.pl\/pl\/wp-json\/wp\/v2\/pages"}],"about":[{"href":"https:\/\/iza-art.pl\/pl\/wp-json\/wp\/v2\/types\/page"}],"author":[{"embeddable":true,"href":"https:\/\/iza-art.pl\/pl\/wp-json\/wp\/v2\/users\/1"}],"replies":[{"embeddable":true,"href":"https:\/\/iza-art.pl\/pl\/wp-json\/wp\/v2\/comments?post=837"}],"version-history":[{"count":19,"href":"https:\/\/iza-art.pl\/pl\/wp-json\/wp\/v2\/pages\/837\/revisions"}],"predecessor-version":[{"id":1622,"href":"https:\/\/iza-art.pl\/pl\/wp-json\/wp\/v2\/pages\/837\/revisions\/1622"}],"wp:attachment":[{"href":"https:\/\/iza-art.pl\/pl\/wp-json\/wp\/v2\/media?parent=837"}],"curies":[{"name":"wp","href":"https:\/\/api.w.org\/{rel}","templated":true}]}}