{"id":553,"date":"2018-06-01T17:49:52","date_gmt":"2018-06-01T15:49:52","guid":{"rendered":"http:\/\/iza-art.pl\/?page_id=553"},"modified":"2021-10-18T13:40:10","modified_gmt":"2021-10-18T11:40:10","slug":"informacja-wizualna","status":"publish","type":"page","link":"https:\/\/iza-art.pl\/pl\/informacja-wizualna\/","title":{"rendered":"Informacja wizualna"},"content":{"rendered":"\t\t<div data-elementor-type=\"wp-post\" data-elementor-id=\"553\" class=\"elementor elementor-553\">\n\t\t\t\t\t\t<div class=\"elementor-inner\">\n\t\t\t\t<div class=\"elementor-section-wrap\">\n\t\t\t\t\t\t\t\t\t<section class=\"has_eae_slider elementor-section elementor-top-section elementor-element elementor-element-16fa34f elementor-section-items-stretch elementor-section-stretched elementor-section-height-min-height elementor-section-full_width elementor-section-height-default\" data-id=\"16fa34f\" data-element_type=\"section\" data-settings=\"{&quot;background_background&quot;:&quot;classic&quot;,&quot;stretch_section&quot;:&quot;section-stretched&quot;}\">\n\t\t\t\t\t\t\t<div class=\"elementor-background-overlay\"><\/div>\n\t\t\t\t\t\t\t<div class=\"elementor-container elementor-column-gap-no\">\n\t\t\t\t\t\t\t<div class=\"elementor-row\">\n\t\t\t\t\t<div class=\"has_eae_slider elementor-column elementor-col-100 elementor-top-column elementor-element elementor-element-15ae6da2\" data-id=\"15ae6da2\" data-element_type=\"column\">\n\t\t\t<div class=\"elementor-column-wrap elementor-element-populated\">\n\t\t\t\t\t\t\t<div class=\"elementor-widget-wrap\">\n\t\t\t\t\t\t<div class=\"elementor-element elementor-element-1a2443c elementor-invisible elementor-widget elementor-widget-heading\" data-id=\"1a2443c\" data-element_type=\"widget\" data-settings=\"{&quot;_animation&quot;:&quot;fadeInDown&quot;,&quot;_animation_delay&quot;:0}\" data-widget_type=\"heading.default\">\n\t\t\t\t<div class=\"elementor-widget-container\">\n\t\t\t<h2 class=\"elementor-heading-title elementor-size-default\">Informacja i identyfikacja wizualna<\/h2>\t\t<\/div>\n\t\t\t\t<\/div>\n\t\t\t\t<div class=\"has_eae_slider elementor-section elementor-inner-section elementor-element elementor-element-52514284 elementor-section-height-min-height elementor-reverse-mobile elementor-section-boxed elementor-section-height-default\" data-id=\"52514284\" data-element_type=\"section\">\n\t\t\t\t\t\t<div class=\"elementor-container elementor-column-gap-default\">\n\t\t\t\t\t\t\t<div class=\"elementor-row\">\n\t\t\t\t\t<div class=\"has_eae_slider elementor-column elementor-col-50 elementor-inner-column elementor-element elementor-element-18c5e3a3\" data-id=\"18c5e3a3\" data-element_type=\"column\">\n\t\t\t<div class=\"elementor-column-wrap elementor-element-populated\">\n\t\t\t\t\t\t\t<div class=\"elementor-widget-wrap\">\n\t\t\t\t\t\t<div class=\"elementor-element elementor-element-2a7b78f elementor-invisible elementor-widget elementor-widget-premium-addon-banner\" data-id=\"2a7b78f\" data-element_type=\"widget\" data-settings=\"{&quot;_animation&quot;:&quot;fadeInDown&quot;,&quot;_animation_delay&quot;:100}\" data-widget_type=\"premium-addon-banner.default\">\n\t\t\t\t<div class=\"elementor-widget-container\">\n\t\t\t\t\t<div class=\"premium-banner-ib premium-banner-min-height premium-banner-animation5 none\">\r\n\t\t\t\t\t\t\t\t\t\t\t\t\t\t\t<img decoding=\"async\" width=\"1568\" height=\"1568\" src=\"https:\/\/iza-art.pl\/wp-content\/uploads\/2020\/09\/informacja-wadowice.jpg\" class=\"attachment-full size-full\" alt=\"\" loading=\"lazy\" \/>\t\t\t\t\t\t\t\t\t\t<div class=\"premium-banner-ib-desc\">\r\n\t\t\t\t\t\t\t\t\t<h4 class=\"premium-banner-ib-title premium_banner_title\">Identyfikacja i informacja wizualna Miasta Wadowic<\/h4>\t\t\t\t\t\t\t\t\t\t\t\t<\/div>\r\n\t\t\t<a class=\"premium-banner-ib-link\" href=\"https:\/\/iza-art.pl\/pl\/identyfikacja-wadowice\/\" title=\"\"><\/a>\t\t<\/div>\r\n\t\t\t\t\t<style>\r\n\t\t\t\t@media( min-width: 1px ) and (max-width:767px ) {\r\n\t\t\t\t\t#premium-banner-2a7b78f .premium-banner-ib-content {\r\n\t\t\t\t\t\tdisplay: none;\r\n\t\t\t\t\t}\r\n\t\t\t\t}\r\n\t\t\t<\/style>\r\n\t\t\t\t\t\t<\/div>\n\t\t\t\t<\/div>\n\t\t\t\t\t\t<\/div>\n\t\t\t\t\t<\/div>\n\t\t<\/div>\n\t\t\t\t<div class=\"has_eae_slider elementor-column elementor-col-50 elementor-inner-column elementor-element elementor-element-73b9b50c\" data-id=\"73b9b50c\" data-element_type=\"column\">\n\t\t\t<div class=\"elementor-column-wrap\">\n\t\t\t\t\t\t\t<div class=\"elementor-widget-wrap\">\n\t\t\t\t\t\t\t\t<\/div>\n\t\t\t\t\t<\/div>\n\t\t<\/div>\n\t\t\t\t\t\t\t\t<\/div>\n\t\t\t\t\t<\/div>\n\t\t<\/div>\n\t\t\t\t<div class=\"has_eae_slider elementor-section elementor-inner-section elementor-element elementor-element-3a1f5a51 elementor-section-height-min-height elementor-section-boxed elementor-section-height-default\" data-id=\"3a1f5a51\" data-element_type=\"section\">\n\t\t\t\t\t\t<div class=\"elementor-container elementor-column-gap-default\">\n\t\t\t\t\t\t\t<div class=\"elementor-row\">\n\t\t\t\t\t<div class=\"has_eae_slider elementor-column elementor-col-50 elementor-inner-column elementor-element elementor-element-2eaa7b4e\" data-id=\"2eaa7b4e\" data-element_type=\"column\">\n\t\t\t<div class=\"elementor-column-wrap\">\n\t\t\t\t\t\t\t<div class=\"elementor-widget-wrap\">\n\t\t\t\t\t\t\t\t<\/div>\n\t\t\t\t\t<\/div>\n\t\t<\/div>\n\t\t\t\t<div class=\"has_eae_slider elementor-column elementor-col-50 elementor-inner-column elementor-element elementor-element-44432c64\" data-id=\"44432c64\" data-element_type=\"column\">\n\t\t\t<div class=\"elementor-column-wrap elementor-element-populated\">\n\t\t\t\t\t\t\t<div class=\"elementor-widget-wrap\">\n\t\t\t\t\t\t<div class=\"elementor-element elementor-element-7ebcea8b elementor-invisible elementor-widget elementor-widget-premium-addon-banner\" data-id=\"7ebcea8b\" data-element_type=\"widget\" data-settings=\"{&quot;_animation&quot;:&quot;fadeInDown&quot;,&quot;_animation_delay&quot;:200}\" data-widget_type=\"premium-addon-banner.default\">\n\t\t\t\t<div class=\"elementor-widget-container\">\n\t\t\t\t\t<div class=\"premium-banner-ib premium-banner-min-height premium-banner-animation5 none\">\r\n\t\t\t\t\t\t\t\t\t\t\t\t\t\t\t<img decoding=\"async\" width=\"800\" height=\"800\" src=\"https:\/\/iza-art.pl\/wp-content\/uploads\/2018\/06\/wart-1.jpg\" class=\"attachment-full size-full\" alt=\"\" loading=\"lazy\" \/>\t\t\t\t\t\t\t\t\t\t<div class=\"premium-banner-ib-desc\">\r\n\t\t\t\t\t\t\t\t\t<h3 class=\"premium-banner-ib-title premium_banner_title\">Wydzia\u0142 Artystyczny<\/h3>\t\t\t\t\t\t\t\t\t\t\t\t<\/div>\r\n\t\t\t<a class=\"premium-banner-ib-link\" href=\"https:\/\/iza-art.pl\/pl\/identyfikacja-wart\/\" title=\"\"><\/a>\t\t<\/div>\r\n\t\t\t\t\t<style>\r\n\t\t\t\t@media( min-width: 1px ) and (max-width:767px ) {\r\n\t\t\t\t\t#premium-banner-7ebcea8b .premium-banner-ib-content {\r\n\t\t\t\t\t\tdisplay: none;\r\n\t\t\t\t\t}\r\n\t\t\t\t}\r\n\t\t\t<\/style>\r\n\t\t\t\t\t\t<\/div>\n\t\t\t\t<\/div>\n\t\t\t\t\t\t<\/div>\n\t\t\t\t\t<\/div>\n\t\t<\/div>\n\t\t\t\t\t\t\t\t<\/div>\n\t\t\t\t\t<\/div>\n\t\t<\/div>\n\t\t\t\t<div class=\"has_eae_slider elementor-section elementor-inner-section elementor-element elementor-element-dd0a257 elementor-section-height-min-height elementor-section-boxed elementor-section-height-default\" data-id=\"dd0a257\" data-element_type=\"section\">\n\t\t\t\t\t\t<div class=\"elementor-container elementor-column-gap-default\">\n\t\t\t\t\t\t\t<div class=\"elementor-row\">\n\t\t\t\t\t<div class=\"has_eae_slider elementor-column elementor-col-50 elementor-inner-column elementor-element elementor-element-544172a\" data-id=\"544172a\" data-element_type=\"column\">\n\t\t\t<div class=\"elementor-column-wrap elementor-element-populated\">\n\t\t\t\t\t\t\t<div class=\"elementor-widget-wrap\">\n\t\t\t\t\t\t<div class=\"elementor-element elementor-element-3b92897 elementor-invisible elementor-widget elementor-widget-premium-addon-banner\" data-id=\"3b92897\" data-element_type=\"widget\" data-settings=\"{&quot;_animation&quot;:&quot;fadeInDown&quot;,&quot;_animation_delay&quot;:300}\" data-widget_type=\"premium-addon-banner.default\">\n\t\t\t\t<div class=\"elementor-widget-container\">\n\t\t\t\t\t<div class=\"premium-banner-ib premium-banner-min-height premium-banner-animation5 none\">\r\n\t\t\t\t\t\t\t\t\t\t\t\t\t\t\t<img decoding=\"async\" width=\"2268\" height=\"2268\" src=\"https:\/\/iza-art.pl\/wp-content\/uploads\/2020\/06\/rzezby0.jpg\" class=\"attachment-full size-full\" alt=\"\" loading=\"lazy\" \/>\t\t\t\t\t\t\t\t\t\t<div class=\"premium-banner-ib-desc\">\r\n\t\t\t\t\t\t\t\t\t<h4 class=\"premium-banner-ib-title premium_banner_title\">Wystawa Rze\u017aby Kazimierza Pa\u017adziory<\/h4>\t\t\t\t\t\t\t\t\t\t\t\t<\/div>\r\n\t\t\t<a class=\"premium-banner-ib-link\" href=\"https:\/\/iza-art.pl\/pl\/rzezby\/\" title=\"\"><\/a>\t\t<\/div>\r\n\t\t\t\t\t<style>\r\n\t\t\t\t@media( min-width: 1px ) and (max-width:767px ) {\r\n\t\t\t\t\t#premium-banner-3b92897 .premium-banner-ib-content {\r\n\t\t\t\t\t\tdisplay: none;\r\n\t\t\t\t\t}\r\n\t\t\t\t}\r\n\t\t\t<\/style>\r\n\t\t\t\t\t\t<\/div>\n\t\t\t\t<\/div>\n\t\t\t\t\t\t<\/div>\n\t\t\t\t\t<\/div>\n\t\t<\/div>\n\t\t\t\t<div class=\"has_eae_slider elementor-column elementor-col-50 elementor-inner-column elementor-element elementor-element-0385d91\" data-id=\"0385d91\" data-element_type=\"column\">\n\t\t\t<div class=\"elementor-column-wrap\">\n\t\t\t\t\t\t\t<div class=\"elementor-widget-wrap\">\n\t\t\t\t\t\t\t\t<\/div>\n\t\t\t\t\t<\/div>\n\t\t<\/div>\n\t\t\t\t\t\t\t\t<\/div>\n\t\t\t\t\t<\/div>\n\t\t<\/div>\n\t\t\t\t<div class=\"has_eae_slider elementor-section elementor-inner-section elementor-element elementor-element-6701a1a elementor-section-height-min-height elementor-section-boxed elementor-section-height-default\" data-id=\"6701a1a\" data-element_type=\"section\">\n\t\t\t\t\t\t<div class=\"elementor-container elementor-column-gap-default\">\n\t\t\t\t\t\t\t<div class=\"elementor-row\">\n\t\t\t\t\t<div class=\"has_eae_slider elementor-column elementor-col-50 elementor-inner-column elementor-element elementor-element-e319908\" data-id=\"e319908\" data-element_type=\"column\">\n\t\t\t<div class=\"elementor-column-wrap\">\n\t\t\t\t\t\t\t<div class=\"elementor-widget-wrap\">\n\t\t\t\t\t\t\t\t<\/div>\n\t\t\t\t\t<\/div>\n\t\t<\/div>\n\t\t\t\t<div class=\"has_eae_slider elementor-column elementor-col-50 elementor-inner-column elementor-element elementor-element-f8b8fa4\" data-id=\"f8b8fa4\" data-element_type=\"column\">\n\t\t\t<div class=\"elementor-column-wrap elementor-element-populated\">\n\t\t\t\t\t\t\t<div class=\"elementor-widget-wrap\">\n\t\t\t\t\t\t<div class=\"elementor-element elementor-element-7e5e1750 elementor-invisible elementor-widget elementor-widget-premium-addon-banner\" data-id=\"7e5e1750\" data-element_type=\"widget\" data-settings=\"{&quot;_animation&quot;:&quot;fadeInDown&quot;,&quot;_animation_delay&quot;:400}\" data-widget_type=\"premium-addon-banner.default\">\n\t\t\t\t<div class=\"elementor-widget-container\">\n\t\t\t\t\t<div class=\"premium-banner-ib premium-banner-min-height premium-banner-animation5 none\">\r\n\t\t\t\t\t\t\t\t\t\t\t\t\t\t\t<img decoding=\"async\" width=\"1298\" height=\"1298\" src=\"https:\/\/iza-art.pl\/wp-content\/uploads\/2020\/10\/Pontyfikat-we-wspomnieniach-thumbnail-website.png\" class=\"attachment-full size-full\" alt=\"\" loading=\"lazy\" \/>\t\t\t\t\t\t\t\t\t\t<div class=\"premium-banner-ib-desc\">\r\n\t\t\t\t\t\t\t\t\t<h4 class=\"premium-banner-ib-title premium_banner_title\">Premiera filmu dokumentalnego o \u015bw. Janie Pawle II<\/h4>\t\t\t\t\t\t\t\t\t\t\t\t<\/div>\r\n\t\t\t<a class=\"premium-banner-ib-link\" href=\"https:\/\/iza-art.pl\/pl\/pontyfikat-we-wspomnieniach\/\" title=\"\"><\/a>\t\t<\/div>\r\n\t\t\t\t\t<style>\r\n\t\t\t\t@media( min-width: 1px ) and (max-width:767px ) {\r\n\t\t\t\t\t#premium-banner-7e5e1750 .premium-banner-ib-content {\r\n\t\t\t\t\t\tdisplay: none;\r\n\t\t\t\t\t}\r\n\t\t\t\t}\r\n\t\t\t<\/style>\r\n\t\t\t\t\t\t<\/div>\n\t\t\t\t<\/div>\n\t\t\t\t\t\t<\/div>\n\t\t\t\t\t<\/div>\n\t\t<\/div>\n\t\t\t\t\t\t\t\t<\/div>\n\t\t\t\t\t<\/div>\n\t\t<\/div>\n\t\t\t\t<div class=\"has_eae_slider elementor-section elementor-inner-section elementor-element elementor-element-619d2cd elementor-section-height-min-height elementor-section-boxed elementor-section-height-default\" data-id=\"619d2cd\" data-element_type=\"section\">\n\t\t\t\t\t\t<div class=\"elementor-container elementor-column-gap-default\">\n\t\t\t\t\t\t\t<div class=\"elementor-row\">\n\t\t\t\t\t<div class=\"has_eae_slider elementor-column elementor-col-50 elementor-inner-column elementor-element elementor-element-fe49f11\" data-id=\"fe49f11\" data-element_type=\"column\">\n\t\t\t<div class=\"elementor-column-wrap elementor-element-populated\">\n\t\t\t\t\t\t\t<div class=\"elementor-widget-wrap\">\n\t\t\t\t\t\t<div class=\"elementor-element elementor-element-2daf776 elementor-invisible elementor-widget elementor-widget-premium-addon-banner\" data-id=\"2daf776\" data-element_type=\"widget\" data-settings=\"{&quot;_animation&quot;:&quot;fadeInDown&quot;,&quot;_animation_delay&quot;:300}\" data-widget_type=\"premium-addon-banner.default\">\n\t\t\t\t<div class=\"elementor-widget-container\">\n\t\t\t\t\t<div class=\"premium-banner-ib premium-banner-min-height premium-banner-animation5 none\">\r\n\t\t\t\t\t\t\t\t\t\t\t\t\t\t\t<img decoding=\"async\" width=\"2760\" height=\"2760\" src=\"https:\/\/iza-art.pl\/wp-content\/uploads\/2020\/10\/thumbnailausten.png\" class=\"attachment-full size-full\" alt=\"\" loading=\"lazy\" \/>\t\t\t\t\t\t\t\t\t\t<div class=\"premium-banner-ib-desc\">\r\n\t\t\t\t\t\t\t\t\t<h4 class=\"premium-banner-ib-title premium_banner_title\">Festiwal Jane Austen, ksi\u0105\u017cka Godzina P\u0105sowej R\u00f3\u017cy<\/h4>\t\t\t\t\t\t\t\t\t\t\t\t<\/div>\r\n\t\t\t<a class=\"premium-banner-ib-link\" href=\"https:\/\/iza-art.pl\/pl\/festiwal-jane-austin-godzina-pasowej-rozy\/\" title=\"\"><\/a>\t\t<\/div>\r\n\t\t\t\t\t<style>\r\n\t\t\t\t@media( min-width: 1px ) and (max-width:767px ) {\r\n\t\t\t\t\t#premium-banner-2daf776 .premium-banner-ib-content {\r\n\t\t\t\t\t\tdisplay: none;\r\n\t\t\t\t\t}\r\n\t\t\t\t}\r\n\t\t\t<\/style>\r\n\t\t\t\t\t\t<\/div>\n\t\t\t\t<\/div>\n\t\t\t\t\t\t<\/div>\n\t\t\t\t\t<\/div>\n\t\t<\/div>\n\t\t\t\t<div class=\"has_eae_slider elementor-column elementor-col-50 elementor-inner-column elementor-element elementor-element-9f36fe9\" data-id=\"9f36fe9\" data-element_type=\"column\">\n\t\t\t<div class=\"elementor-column-wrap\">\n\t\t\t\t\t\t\t<div class=\"elementor-widget-wrap\">\n\t\t\t\t\t\t\t\t<\/div>\n\t\t\t\t\t<\/div>\n\t\t<\/div>\n\t\t\t\t\t\t\t\t<\/div>\n\t\t\t\t\t<\/div>\n\t\t<\/div>\n\t\t\t\t<div class=\"has_eae_slider elementor-section elementor-inner-section elementor-element elementor-element-9447d20 elementor-section-height-min-height elementor-section-boxed elementor-section-height-default\" data-id=\"9447d20\" data-element_type=\"section\">\n\t\t\t\t\t\t<div class=\"elementor-container elementor-column-gap-default\">\n\t\t\t\t\t\t\t<div class=\"elementor-row\">\n\t\t\t\t\t<div class=\"has_eae_slider elementor-column elementor-col-50 elementor-inner-column elementor-element elementor-element-4226ce5\" data-id=\"4226ce5\" data-element_type=\"column\">\n\t\t\t<div class=\"elementor-column-wrap\">\n\t\t\t\t\t\t\t<div class=\"elementor-widget-wrap\">\n\t\t\t\t\t\t\t\t<\/div>\n\t\t\t\t\t<\/div>\n\t\t<\/div>\n\t\t\t\t<div class=\"has_eae_slider elementor-column elementor-col-50 elementor-inner-column elementor-element elementor-element-aa9d8c1\" data-id=\"aa9d8c1\" data-element_type=\"column\">\n\t\t\t<div class=\"elementor-column-wrap elementor-element-populated\">\n\t\t\t\t\t\t\t<div class=\"elementor-widget-wrap\">\n\t\t\t\t\t\t<div class=\"elementor-element elementor-element-e0c4306 elementor-invisible elementor-widget elementor-widget-premium-addon-banner\" data-id=\"e0c4306\" data-element_type=\"widget\" data-settings=\"{&quot;_animation&quot;:&quot;fadeInDown&quot;,&quot;_animation_delay&quot;:400}\" data-widget_type=\"premium-addon-banner.default\">\n\t\t\t\t<div class=\"elementor-widget-container\">\n\t\t\t\t\t<div class=\"premium-banner-ib premium-banner-min-height premium-banner-animation5 none\">\r\n\t\t\t\t\t\t\t\t\t\t\t\t\t\t\t<img decoding=\"async\" width=\"800\" height=\"800\" src=\"https:\/\/iza-art.pl\/wp-content\/uploads\/2018\/06\/znaki-galeria.jpg\" class=\"attachment-full size-full\" alt=\"\" loading=\"lazy\" \/>\t\t\t\t\t\t\t\t\t\t<div class=\"premium-banner-ib-desc\">\r\n\t\t\t\t\t\t\t\t\t<h4 class=\"premium-banner-ib-title premium_banner_title\">Galeria handlowa<\/h4>\t\t\t\t\t\t\t\t\t\t\t\t<\/div>\r\n\t\t\t<a class=\"premium-banner-ib-link\" href=\"https:\/\/iza-art.pl\/pl\/znaki-galeria\/\" title=\"\"><\/a>\t\t<\/div>\r\n\t\t\t\t\t<style>\r\n\t\t\t\t@media( min-width: 1px ) and (max-width:767px ) {\r\n\t\t\t\t\t#premium-banner-e0c4306 .premium-banner-ib-content {\r\n\t\t\t\t\t\tdisplay: none;\r\n\t\t\t\t\t}\r\n\t\t\t\t}\r\n\t\t\t<\/style>\r\n\t\t\t\t\t\t<\/div>\n\t\t\t\t<\/div>\n\t\t\t\t\t\t<\/div>\n\t\t\t\t\t<\/div>\n\t\t<\/div>\n\t\t\t\t\t\t\t\t<\/div>\n\t\t\t\t\t<\/div>\n\t\t<\/div>\n\t\t\t\t<div class=\"elementor-element elementor-element-5be9210 elementor-widget elementor-widget-spacer\" data-id=\"5be9210\" data-element_type=\"widget\" data-widget_type=\"spacer.default\">\n\t\t\t\t<div class=\"elementor-widget-container\">\n\t\t\t\t\t<div class=\"elementor-spacer\">\n\t\t\t<div class=\"elementor-spacer-inner\"><\/div>\n\t\t<\/div>\n\t\t\t\t<\/div>\n\t\t\t\t<\/div>\n\t\t\t\t\t\t<\/div>\n\t\t\t\t\t<\/div>\n\t\t<\/div>\n\t\t\t\t\t\t\t\t<\/div>\n\t\t\t\t\t<\/div>\n\t\t<\/section>\n\t\t\t\t\t\t\t\t\t<\/div>\n\t\t\t<\/div>\n\t\t\t\t\t<\/div>\n\t\t","protected":false},"excerpt":{"rendered":"<p>Informacja i identyfikacja wizualna Identyfikacja i informacja wizualna Miasta Wadowic Wydzia\u0142 Artystyczny Wystawa Rze\u017aby Kazimierza Pa\u017adziory Premiera filmu dokumentalnego o \u015bw. Janie Pawle II Festiwal Jane Austen, ksi\u0105\u017cka Godzina P\u0105sowej R\u00f3\u017cy Galeria handlowa<\/p>\n","protected":false},"author":1,"featured_media":0,"parent":0,"menu_order":0,"comment_status":"closed","ping_status":"closed","template":"","meta":{"inline_featured_image":false},"_links":{"self":[{"href":"https:\/\/iza-art.pl\/pl\/wp-json\/wp\/v2\/pages\/553"}],"collection":[{"href":"https:\/\/iza-art.pl\/pl\/wp-json\/wp\/v2\/pages"}],"about":[{"href":"https:\/\/iza-art.pl\/pl\/wp-json\/wp\/v2\/types\/page"}],"author":[{"embeddable":true,"href":"https:\/\/iza-art.pl\/pl\/wp-json\/wp\/v2\/users\/1"}],"replies":[{"embeddable":true,"href":"https:\/\/iza-art.pl\/pl\/wp-json\/wp\/v2\/comments?post=553"}],"version-history":[{"count":50,"href":"https:\/\/iza-art.pl\/pl\/wp-json\/wp\/v2\/pages\/553\/revisions"}],"predecessor-version":[{"id":2237,"href":"https:\/\/iza-art.pl\/pl\/wp-json\/wp\/v2\/pages\/553\/revisions\/2237"}],"wp:attachment":[{"href":"https:\/\/iza-art.pl\/pl\/wp-json\/wp\/v2\/media?parent=553"}],"curies":[{"name":"wp","href":"https:\/\/api.w.org\/{rel}","templated":true}]}}