{"id":525,"date":"2018-06-01T17:08:08","date_gmt":"2018-06-01T15:08:08","guid":{"rendered":"http:\/\/iza-art.pl\/?page_id=525"},"modified":"2021-10-18T14:33:15","modified_gmt":"2021-10-18T12:33:15","slug":"elements","status":"publish","type":"page","link":"https:\/\/iza-art.pl\/pl\/elements\/","title":{"rendered":"Elements"},"content":{"rendered":"\t\t<div data-elementor-type=\"wp-post\" data-elementor-id=\"525\" class=\"elementor elementor-525\">\n\t\t\t\t\t\t<div class=\"elementor-inner\">\n\t\t\t\t<div class=\"elementor-section-wrap\">\n\t\t\t\t\t\t\t\t\t<section class=\"has_eae_slider elementor-section elementor-top-section elementor-element elementor-element-28030056 elementor-section-items-stretch elementor-section-stretched elementor-section-height-min-height elementor-section-full_width elementor-section-height-default\" data-id=\"28030056\" data-element_type=\"section\" data-settings=\"{&quot;background_background&quot;:&quot;classic&quot;,&quot;stretch_section&quot;:&quot;section-stretched&quot;}\">\n\t\t\t\t\t\t\t<div class=\"elementor-background-overlay\"><\/div>\n\t\t\t\t\t\t\t<div class=\"elementor-container elementor-column-gap-no\">\n\t\t\t\t\t\t\t<div class=\"elementor-row\">\n\t\t\t\t\t<div class=\"has_eae_slider elementor-column elementor-col-100 elementor-top-column elementor-element elementor-element-326a9ba5\" data-id=\"326a9ba5\" data-element_type=\"column\">\n\t\t\t<div class=\"elementor-column-wrap elementor-element-populated\">\n\t\t\t\t\t\t\t<div class=\"elementor-widget-wrap\">\n\t\t\t\t\t\t<div class=\"elementor-element elementor-element-1b76338 elementor-widget elementor-widget-image\" data-id=\"1b76338\" data-element_type=\"widget\" data-widget_type=\"image.default\">\n\t\t\t\t<div class=\"elementor-widget-container\">\n\t\t\t\t\t\t\t\t<div class=\"elementor-image\">\n\t\t\t\t\t\t\t\t\t\t\t\t<img decoding=\"async\" width=\"1\" height=\"1\" src=\"https:\/\/iza-art.pl\/wp-content\/uploads\/2018\/06\/the-elements1-03.svg\" class=\"attachment-full size-full\" alt=\"\" loading=\"lazy\" \/>\t\t\t\t\t\t\t\t\t\t\t\t\t\t<\/div>\n\t\t\t\t\t\t<\/div>\n\t\t\t\t<\/div>\n\t\t\t\t<div class=\"elementor-element elementor-element-1ed674a elementor-widget elementor-widget-text-editor\" data-id=\"1ed674a\" data-element_type=\"widget\" data-widget_type=\"text-editor.default\">\n\t\t\t\t<div class=\"elementor-widget-container\">\n\t\t\t\t\t\t\t\t<div class=\"elementor-text-editor elementor-clearfix\">\n\t\t\t\t<p>Projekt opakowa\u0144 \u015bwieczek o zapachu czterech \u017cywio\u0142\u00f3w.<\/p>\t\t\t\t\t<\/div>\n\t\t\t\t\t\t<\/div>\n\t\t\t\t<\/div>\n\t\t\t\t<div class=\"elementor-element elementor-element-3533f86 elementor-widget elementor-widget-image\" data-id=\"3533f86\" data-element_type=\"widget\" data-widget_type=\"image.default\">\n\t\t\t\t<div class=\"elementor-widget-container\">\n\t\t\t\t\t\t\t\t<div class=\"elementor-image\">\n\t\t\t\t\t\t\t\t\t\t\t\t<img decoding=\"async\" width=\"1\" height=\"1\" src=\"https:\/\/iza-art.pl\/wp-content\/uploads\/2018\/06\/the-elements1svg-05.svg\" class=\"attachment-full size-full\" alt=\"\" loading=\"lazy\" \/>\t\t\t\t\t\t\t\t\t\t\t\t\t\t<\/div>\n\t\t\t\t\t\t<\/div>\n\t\t\t\t<\/div>\n\t\t\t\t<div class=\"elementor-element elementor-element-9fcbcf8 elementor-widget elementor-widget-image\" data-id=\"9fcbcf8\" data-element_type=\"widget\" data-widget_type=\"image.default\">\n\t\t\t\t<div class=\"elementor-widget-container\">\n\t\t\t\t\t\t\t\t<div class=\"elementor-image\">\n\t\t\t\t\t\t\t\t\t\t\t\t<img decoding=\"async\" width=\"1024\" height=\"768\" src=\"https:\/\/iza-art.pl\/wp-content\/uploads\/2018\/06\/mockup-elem-5-1024x768.jpg\" class=\"attachment-large size-large\" alt=\"\" loading=\"lazy\" srcset=\"https:\/\/iza-art.pl\/wp-content\/uploads\/2018\/06\/mockup-elem-5-1024x768.jpg 1024w, https:\/\/iza-art.pl\/wp-content\/uploads\/2018\/06\/mockup-elem-5-300x225.jpg 300w, https:\/\/iza-art.pl\/wp-content\/uploads\/2018\/06\/mockup-elem-5-768x576.jpg 768w\" sizes=\"(max-width: 1024px) 100vw, 1024px\" \/>\t\t\t\t\t\t\t\t\t\t\t\t\t\t<\/div>\n\t\t\t\t\t\t<\/div>\n\t\t\t\t<\/div>\n\t\t\t\t<div class=\"elementor-element elementor-element-104926b elementor-widget elementor-widget-image\" data-id=\"104926b\" data-element_type=\"widget\" data-widget_type=\"image.default\">\n\t\t\t\t<div class=\"elementor-widget-container\">\n\t\t\t\t\t\t\t\t<div class=\"elementor-image\">\n\t\t\t\t\t\t\t\t\t\t\t\t<img decoding=\"async\" width=\"1024\" height=\"717\" src=\"https:\/\/iza-art.pl\/wp-content\/uploads\/2018\/06\/mockup-elem-6-1024x717.jpg\" class=\"attachment-large size-large\" alt=\"\" loading=\"lazy\" srcset=\"https:\/\/iza-art.pl\/wp-content\/uploads\/2018\/06\/mockup-elem-6-1024x717.jpg 1024w, https:\/\/iza-art.pl\/wp-content\/uploads\/2018\/06\/mockup-elem-6-300x210.jpg 300w, https:\/\/iza-art.pl\/wp-content\/uploads\/2018\/06\/mockup-elem-6-768x538.jpg 768w\" sizes=\"(max-width: 1024px) 100vw, 1024px\" \/>\t\t\t\t\t\t\t\t\t\t\t\t\t\t<\/div>\n\t\t\t\t\t\t<\/div>\n\t\t\t\t<\/div>\n\t\t\t\t<div class=\"elementor-element elementor-element-352a0f7 elementor-widget elementor-widget-image\" data-id=\"352a0f7\" data-element_type=\"widget\" data-widget_type=\"image.default\">\n\t\t\t\t<div class=\"elementor-widget-container\">\n\t\t\t\t\t\t\t\t<div class=\"elementor-image\">\n\t\t\t\t\t\t\t\t\t\t\t\t<img decoding=\"async\" width=\"1024\" height=\"936\" src=\"https:\/\/iza-art.pl\/wp-content\/uploads\/2018\/09\/mockup-4-single-1024x936.png\" class=\"attachment-large size-large\" alt=\"\" loading=\"lazy\" srcset=\"https:\/\/iza-art.pl\/wp-content\/uploads\/2018\/09\/mockup-4-single-1024x936.png 1024w, https:\/\/iza-art.pl\/wp-content\/uploads\/2018\/09\/mockup-4-single-300x274.png 300w, https:\/\/iza-art.pl\/wp-content\/uploads\/2018\/09\/mockup-4-single-768x702.png 768w, https:\/\/iza-art.pl\/wp-content\/uploads\/2018\/09\/mockup-4-single-640x585.png 640w, https:\/\/iza-art.pl\/wp-content\/uploads\/2018\/09\/mockup-4-single-1800x1646.png 1800w\" sizes=\"(max-width: 1024px) 100vw, 1024px\" \/>\t\t\t\t\t\t\t\t\t\t\t\t\t\t<\/div>\n\t\t\t\t\t\t<\/div>\n\t\t\t\t<\/div>\n\t\t\t\t<div class=\"elementor-element elementor-element-1c86afb elementor-widget elementor-widget-image\" data-id=\"1c86afb\" data-element_type=\"widget\" data-widget_type=\"image.default\">\n\t\t\t\t<div class=\"elementor-widget-container\">\n\t\t\t\t\t\t\t\t<div class=\"elementor-image\">\n\t\t\t\t\t\t\t\t\t\t\t\t<img decoding=\"async\" width=\"1024\" height=\"936\" src=\"https:\/\/iza-art.pl\/wp-content\/uploads\/2018\/09\/mockup-3-single-1024x936.png\" class=\"attachment-large size-large\" alt=\"\" loading=\"lazy\" srcset=\"https:\/\/iza-art.pl\/wp-content\/uploads\/2018\/09\/mockup-3-single-1024x936.png 1024w, https:\/\/iza-art.pl\/wp-content\/uploads\/2018\/09\/mockup-3-single-300x274.png 300w, https:\/\/iza-art.pl\/wp-content\/uploads\/2018\/09\/mockup-3-single-768x702.png 768w, https:\/\/iza-art.pl\/wp-content\/uploads\/2018\/09\/mockup-3-single-640x585.png 640w, https:\/\/iza-art.pl\/wp-content\/uploads\/2018\/09\/mockup-3-single-1800x1646.png 1800w\" sizes=\"(max-width: 1024px) 100vw, 1024px\" \/>\t\t\t\t\t\t\t\t\t\t\t\t\t\t<\/div>\n\t\t\t\t\t\t<\/div>\n\t\t\t\t<\/div>\n\t\t\t\t<div class=\"elementor-element elementor-element-bc942fb elementor-widget elementor-widget-image\" data-id=\"bc942fb\" data-element_type=\"widget\" data-widget_type=\"image.default\">\n\t\t\t\t<div class=\"elementor-widget-container\">\n\t\t\t\t\t\t\t\t<div class=\"elementor-image\">\n\t\t\t\t\t\t\t\t\t\t\t\t<img decoding=\"async\" width=\"1024\" height=\"936\" src=\"https:\/\/iza-art.pl\/wp-content\/uploads\/2018\/09\/mockup-1-single-1024x936.png\" class=\"attachment-large size-large\" alt=\"\" loading=\"lazy\" srcset=\"https:\/\/iza-art.pl\/wp-content\/uploads\/2018\/09\/mockup-1-single-1024x936.png 1024w, https:\/\/iza-art.pl\/wp-content\/uploads\/2018\/09\/mockup-1-single-300x274.png 300w, https:\/\/iza-art.pl\/wp-content\/uploads\/2018\/09\/mockup-1-single-768x702.png 768w, https:\/\/iza-art.pl\/wp-content\/uploads\/2018\/09\/mockup-1-single-640x585.png 640w, https:\/\/iza-art.pl\/wp-content\/uploads\/2018\/09\/mockup-1-single-1800x1646.png 1800w\" sizes=\"(max-width: 1024px) 100vw, 1024px\" \/>\t\t\t\t\t\t\t\t\t\t\t\t\t\t<\/div>\n\t\t\t\t\t\t<\/div>\n\t\t\t\t<\/div>\n\t\t\t\t<div class=\"elementor-element elementor-element-2cfa958 elementor-widget elementor-widget-image\" data-id=\"2cfa958\" data-element_type=\"widget\" data-widget_type=\"image.default\">\n\t\t\t\t<div class=\"elementor-widget-container\">\n\t\t\t\t\t\t\t\t<div class=\"elementor-image\">\n\t\t\t\t\t\t\t\t\t\t\t\t<img decoding=\"async\" width=\"1024\" height=\"936\" src=\"https:\/\/iza-art.pl\/wp-content\/uploads\/2018\/09\/mockup2-single-1024x936.png\" class=\"attachment-large size-large\" alt=\"\" loading=\"lazy\" srcset=\"https:\/\/iza-art.pl\/wp-content\/uploads\/2018\/09\/mockup2-single-1024x936.png 1024w, https:\/\/iza-art.pl\/wp-content\/uploads\/2018\/09\/mockup2-single-300x274.png 300w, https:\/\/iza-art.pl\/wp-content\/uploads\/2018\/09\/mockup2-single-768x702.png 768w, https:\/\/iza-art.pl\/wp-content\/uploads\/2018\/09\/mockup2-single-640x585.png 640w, https:\/\/iza-art.pl\/wp-content\/uploads\/2018\/09\/mockup2-single-1800x1646.png 1800w\" sizes=\"(max-width: 1024px) 100vw, 1024px\" \/>\t\t\t\t\t\t\t\t\t\t\t\t\t\t<\/div>\n\t\t\t\t\t\t<\/div>\n\t\t\t\t<\/div>\n\t\t\t\t<div class=\"elementor-element elementor-element-a666243 elementor-widget elementor-widget-image\" data-id=\"a666243\" data-element_type=\"widget\" data-widget_type=\"image.default\">\n\t\t\t\t<div class=\"elementor-widget-container\">\n\t\t\t\t\t\t\t\t<div class=\"elementor-image\">\n\t\t\t\t\t\t\t\t\t\t\t\t<img decoding=\"async\" width=\"1\" height=\"1\" src=\"https:\/\/iza-art.pl\/wp-content\/uploads\/2018\/06\/the-elements2-10.svg\" class=\"attachment-full size-full\" alt=\"\" loading=\"lazy\" \/>\t\t\t\t\t\t\t\t\t\t\t\t\t\t<\/div>\n\t\t\t\t\t\t<\/div>\n\t\t\t\t<\/div>\n\t\t\t\t\t\t<\/div>\n\t\t\t\t\t<\/div>\n\t\t<\/div>\n\t\t\t\t\t\t\t\t<\/div>\n\t\t\t\t\t<\/div>\n\t\t<\/section>\n\t\t\t\t\t\t\t\t\t<\/div>\n\t\t\t<\/div>\n\t\t\t\t\t<\/div>\n\t\t","protected":false},"excerpt":{"rendered":"<p>Projekt opakowa\u0144 \u015bwieczek o zapachu czterech \u017cywio\u0142\u00f3w.<\/p>\n","protected":false},"author":1,"featured_media":0,"parent":0,"menu_order":0,"comment_status":"closed","ping_status":"closed","template":"","meta":{"inline_featured_image":false},"_links":{"self":[{"href":"https:\/\/iza-art.pl\/pl\/wp-json\/wp\/v2\/pages\/525"}],"collection":[{"href":"https:\/\/iza-art.pl\/pl\/wp-json\/wp\/v2\/pages"}],"about":[{"href":"https:\/\/iza-art.pl\/pl\/wp-json\/wp\/v2\/types\/page"}],"author":[{"embeddable":true,"href":"https:\/\/iza-art.pl\/pl\/wp-json\/wp\/v2\/users\/1"}],"replies":[{"embeddable":true,"href":"https:\/\/iza-art.pl\/pl\/wp-json\/wp\/v2\/comments?post=525"}],"version-history":[{"count":10,"href":"https:\/\/iza-art.pl\/pl\/wp-json\/wp\/v2\/pages\/525\/revisions"}],"predecessor-version":[{"id":2263,"href":"https:\/\/iza-art.pl\/pl\/wp-json\/wp\/v2\/pages\/525\/revisions\/2263"}],"wp:attachment":[{"href":"https:\/\/iza-art.pl\/pl\/wp-json\/wp\/v2\/media?parent=525"}],"curies":[{"name":"wp","href":"https:\/\/api.w.org\/{rel}","templated":true}]}}