{"id":837,"date":"2018-06-02T22:35:18","date_gmt":"2018-06-02T20:35:18","guid":{"rendered":"http:\/\/iza-art.pl\/?page_id=837"},"modified":"2018-09-14T00:00:15","modified_gmt":"2018-09-13T22:00:15","slug":"maly-reportaz","status":"publish","type":"page","link":"https:\/\/iza-art.pl\/en\/maly-reportaz\/","title":{"rendered":"\u201eThe little reportage\""},"content":{"rendered":"<div data-elementor-type=\"wp-post\" data-elementor-id=\"837\" class=\"elementor elementor-837 elementor-bc-flex-widget\">\n\t\t\t\t\t\t<div class=\"elementor-inner\">\n\t\t\t\t<div class=\"elementor-section-wrap\">\n\t\t\t\t\t\t\t\t\t<section class=\"has_eae_slider elementor-section elementor-top-section elementor-element elementor-element-1b725a39 elementor-section-items-stretch elementor-section-stretched elementor-section-height-min-height elementor-section-boxed elementor-section-height-default\" data-id=\"1b725a39\" data-element_type=\"section\" data-settings=\"{&quot;background_background&quot;:&quot;classic&quot;,&quot;stretch_section&quot;:&quot;section-stretched&quot;}\">\n\t\t\t\t\t\t\t<div class=\"elementor-background-overlay\"><\/div>\n\t\t\t\t\t\t\t<div class=\"elementor-container elementor-column-gap-no\">\n\t\t\t\t\t\t\t<div class=\"elementor-row\">\n\t\t\t\t\t<div class=\"has_eae_slider elementor-column elementor-col-100 elementor-top-column elementor-element elementor-element-4a4a9207\" data-id=\"4a4a9207\" data-element_type=\"column\">\n\t\t\t<div class=\"elementor-column-wrap elementor-element-populated\">\n\t\t\t\t\t\t\t<div class=\"elementor-widget-wrap\">\n\t\t\t\t\t\t<div class=\"elementor-element elementor-element-4f253d9e elementor-widget elementor-widget-image-gallery\" data-id=\"4f253d9e\" data-element_type=\"widget\" data-widget_type=\"image-gallery.default\">\n\t\t\t\t<div class=\"elementor-widget-container\">\n\t\t\t\t\t<div class=\"elementor-image-gallery\">\n\t\t\t\t\t<div style=\"clear:both\"><\/div>\n\t\t<div class=\"psgal_wrap\">\n\t\t\t<div id=\"psgal_837_1\" data-psgal_id=\"837_1\" data-psgal_container_id=\"container_837_1\" data-psgal_thumbnail_width=\"320\" data-psgal_use_masonary=\"0\" class=\"psgal-inline psgal gallery-columns-4 gallery-size-full use_masonry_ show_captions_\" itemscope itemtype=\"http:\/\/schema.org\/ImageGallery\">\n\t\t\t\t\t\t\t\t\t\t<figure class=\"msnry_items\" itemscope itemtype=\"http:\/\/schema.org\/ImageObject\" style=\"width:320px;\">\n\t\t\t\t\t\t\t<a href=\"https:\/\/iza-art.pl\/wp-content\/uploads\/2018\/06\/24.jpg\" itemprop=\"contentUrl\" data-size=\"800x1143\" data-caption=\"\" style=\"height:442.71875px;\">\n\t\t\t\t\t\t\t\t<img decoding=\"async\" class=\"msnry_thumb\" src=\"https:\/\/iza-art.pl\/wp-content\/uploads\/2018\/06\/24-700x1000.jpg\" itemprop=\"thumbnail\" alt=\"\" \/>\n\t\t\t\t\t\t\t<\/a>\n\t\t\t\t\t\t\t\t\t\t\t\t\t\t<figcaption class=\"photoswipe-gallery-caption\" style=\"display:none;\"><\/figcaption>\n\n\t\t\t\t\t\t<\/figure>\n\t\t\t\t\t\t\t\t\t\t<figure class=\"msnry_items\" itemscope itemtype=\"http:\/\/schema.org\/ImageObject\" style=\"width:320px;\">\n\t\t\t\t\t\t\t<a href=\"https:\/\/iza-art.pl\/wp-content\/uploads\/2018\/06\/25.jpg\" itemprop=\"contentUrl\" data-size=\"800x1143\" data-caption=\"\" style=\"height:442.71875px;\">\n\t\t\t\t\t\t\t\t<img decoding=\"async\" class=\"msnry_thumb\" src=\"https:\/\/iza-art.pl\/wp-content\/uploads\/2018\/06\/25-700x1000.jpg\" itemprop=\"thumbnail\" alt=\"\" \/>\n\t\t\t\t\t\t\t<\/a>\n\t\t\t\t\t\t\t\t\t\t\t\t\t\t<figcaption class=\"photoswipe-gallery-caption\" style=\"display:none;\"><\/figcaption>\n\n\t\t\t\t\t\t<\/figure>\n\t\t\t\t\t\t\t\t\t\t<figure class=\"msnry_items\" itemscope itemtype=\"http:\/\/schema.org\/ImageObject\" style=\"width:320px;\">\n\t\t\t\t\t\t\t<a href=\"https:\/\/iza-art.pl\/wp-content\/uploads\/2018\/06\/26.jpg\" itemprop=\"contentUrl\" data-size=\"800x1143\" data-caption=\"\" style=\"height:442.71875px;\">\n\t\t\t\t\t\t\t\t<img decoding=\"async\" class=\"msnry_thumb\" src=\"https:\/\/iza-art.pl\/wp-content\/uploads\/2018\/06\/26-700x1000.jpg\" itemprop=\"thumbnail\" alt=\"\" \/>\n\t\t\t\t\t\t\t<\/a>\n\t\t\t\t\t\t\t\t\t\t\t\t\t\t<figcaption class=\"photoswipe-gallery-caption\" style=\"display:none;\"><\/figcaption>\n\n\t\t\t\t\t\t<\/figure>\n\t\t\t\t\t\t\t\t\t\t<figure class=\"msnry_items\" itemscope itemtype=\"http:\/\/schema.org\/ImageObject\" style=\"width:320px;\">\n\t\t\t\t\t\t\t<a href=\"https:\/\/iza-art.pl\/wp-content\/uploads\/2018\/06\/1.jpg\" itemprop=\"contentUrl\" data-size=\"1000x1323\" data-caption=\"\" style=\"height:410.265625px;\">\n\t\t\t\t\t\t\t\t<img decoding=\"async\" class=\"msnry_thumb\" src=\"https:\/\/iza-art.pl\/wp-content\/uploads\/2018\/06\/1-700x926.jpg\" itemprop=\"thumbnail\" alt=\"\" \/>\n\t\t\t\t\t\t\t<\/a>\n\t\t\t\t\t\t\t\t\t\t\t\t\t\t<figcaption class=\"photoswipe-gallery-caption\" style=\"display:none;\"><\/figcaption>\n\n\t\t\t\t\t\t<\/figure>\n\t\t\t\t\t\t\t<\/div>\n\t\t<\/div>\n\t\t<div style='clear:both'><\/div>\n\t\t<\/div>\n\t\t\t\t<\/div>\n\t\t\t\t<\/div>\n\t\t\t\t<div class=\"elementor-element elementor-element-2fccb7d elementor-hidden-desktop elementor-widget elementor-widget-text-editor\" data-id=\"2fccb7d\" data-element_type=\"widget\" data-widget_type=\"text-editor.default\">\n\t\t\t\t<div class=\"elementor-widget-container\">\n\t\t\t\t\t\t\t\t<div class=\"elementor-text-editor elementor-clearfix\">\n\t\t\t\t<p>The little reportage<\/p><p>I was strolling around Sopot in search of muses; I went to a bar. Because of my depression, I wanted to drink something stronger and ordered grog.<\/p><p>I drank my glass when the door opened and the captain entered. He pointed at me and said briefly:<\/p><p>- I need a seaman*.<\/p><p>The glass fell out of my hand; I allowed myself to express a slight objection:<\/p><p>- I am only a modest reporter, a contemporary and sensitive man.<\/p><p>- No problem Take away your belongings, son, and hurry up - said the captain.<\/p><p>Less than an hour later, despite the furious storm, I was already in the high seas.<\/p><p>- Where are we going? - I asked a jagged kuternog, whose task was to take care of barrels of rum; the only answer I got was a mysterious and disturbing gleam in his eye.<\/p><p>Somebody called me to \u201ereef the foresail\", but I replied that I do not understand, and hid behind one of the barrels.<\/p><p>I decided that before I join the battle, I will look for some bandage. I tried to get the language, where the first aid kit was, but the crew was so busy with fencing that I gave up and went back to my dry corner.(...)<\/p><p>I woke up on an unknown beach, surrounded by junk. I understood that the ship sank. It seems there was a captain's cap next to me, who was not as lucky as I was. \"Dumb has luck\" - I thought.<\/p><p>Fortunately, a moment later I met the editor-in-chief, passing the beach. I immediately narrated him all this amazing adventure.<br> *Side note - in Polish seaman word majtek, also in plural mean panties.<\/p><p>Author: Tomasz Wi\u015bniewski, Przekr\u00f3j<\/p>\t\t\t\t\t<\/div>\n\t\t\t\t\t\t<\/div>\n\t\t\t\t<\/div>\n\t\t\t\t<div class=\"elementor-element elementor-element-cf4ffae elementor-hidden-phone elementor-hidden-tablet eae-fb-animate-vertical elementor-widget elementor-widget-wts-flipbox\" data-id=\"cf4ffae\" data-element_type=\"widget\" data-widget_type=\"wts-flipbox.default\">\n\t\t\t\t<div class=\"elementor-widget-container\">\n\t\t\t\t\t<div class=\"eae-flip-box-wrapper\">\n\t\t\t<div class=\"eae-flip-box-inner\" onclick=\"\">\n\n\t\t\t\t<div class=\"eae-flip-box-front\">\n\t\t\t\t\t<div class=\"flipbox-content\">\n\t\t\t\t\t\t\t\t\t\t\t\t\t<div class=\"icon-wrapper eae-fb-icon-view-default eae-fb-icon-shape-\">\n\t\t\t\t\t\t\t\t\t\t\t\t\t\t\t\t\t<i class=\"\"><\/i>\n\t\t\t\t\t\t\t\t\t\t\t\t\t\t\t<\/div>\n\t\t\t\t\t\t\n\t\t\t\t\t\t<h3 class=\"front-icon-title\"><p align=\"left\">The little reportage<\/p><\/h3>\n\t\t\t\t\t\t\t\t\t\t\t\t\t<p>\n\t\t\t\t\t\t\t\t<p align=\"left\">I was strolling around Sopot in search of muses; I went to a bar. Because of my depression, I wanted to drink something stronger and ordered grog.<br>\n\nI drank my glass when the door opened and the captain entered. He pointed at me and said briefly:<br>\n\n- I need a seaman*.<br>\n\nThe glass fell out of my hand; I allowed myself to express a slight objection:<br>\n\n- I am only a modest reporter, a contemporary and sensitive man.<br>\n\n- No problem Take away your belongings, son, and hurry up - said the captain.<br>\n\nLess than an hour later, despite the furious storm, I was already in the high seas.<br>\n\n- Where are we going? - I asked a jagged kuternog, whose task was to take care of barrels of rum; the only answer I got was a mysterious and disturbing gleam in his eye.<br>\n\nSomebody called me to \u201ereef the foresail\", but I replied that I do not understand, and hid behind one of the barrels. I decided that before I join the battle, I will look for some bandage. I tried to get the language where the first aid kit was, but the crew was so busy with the fencing that I gave up and went back to my dry corner.(...)<br>\n\nI woke up on an unknown beach, surrounded by junk. I understood that the ship sank. It seems there was a captain's cap next to me, who was not as lucky as I was. \"Dumb has luck\" - I thought. <br>I woke up on some beach, surrounded by junk. I understood that the ship sank. It seems there was a captain's cap next to me, who was not as lucky as I was. \"Dumb has luck\" - I thought. Fortunately, a moment later I met the editor-in-chief passing the beach and immediately narrated him all this amazing adventure. <br> *Side note - in Polish seaman word majtek, also in plural mean panties.<\/p>\t\t\t\t\t\t\t<\/p>\n\t\t\t\t\t\t\t\t\t\t\t<\/div>\n\t\t\t\t<\/div>\n\n\t\t\t\t<div class=\"eae-flip-box-back\">\n\t\t\t\t\t<div class=\"flipbox-content\">\n\t\t\t\t\t\t\t\t\t\t\t\t\t<div class=\"icon-wrapper eae-fb-icon-view-default eae-fb-icon-shape-\">\n\t\t\t\t\t\t\t\t\t\t\t\t\t\t\t\t\t<i class=\"\"><\/i>\n\t\t\t\t\t\t\t\t\t\t\t\t\t\t\t<\/div>\n\t\t\t\t\t\t\n\t\t\t\t\t\t<h3 class=\"back-icon-title\">Author<\/h3>\n\t\t\t\t\t\t\t\t\t\t\t\t\t<p>\n\t\t\t\t\t\t\t\tTomasz Wi\u015bniewski<br>\nPrzekr\u00f3j\t\t\t\t\t\t\t<\/p>\n\t\t\t\t\t\t\n\t\t\t\t\t\t\t\t\t\t\t<\/div>\n\t\t\t\t<\/div>\n\n\t\t\t<\/div>\n\t\t<\/div>\n\t\t\t\t<\/div>\n\t\t\t\t<\/div>\n\t\t\t\t\t\t<\/div>\n\t\t\t\t\t<\/div>\n\t\t<\/div>\n\t\t\t\t\t\t\t\t<\/div>\n\t\t\t\t\t<\/div>\n\t\t<\/section>\n\t\t\t\t\t\t\t\t\t<\/div>\n\t\t\t<\/div>\n\t\t\t\t\t<\/div>","protected":false},"excerpt":{"rendered":"<p>Ma\u0142y Reporta\u017c Spacerowa\u0142em po Sopocie w poszukiwaniu muz; uda\u0142em si\u0119 do jakiej\u015b knajpki. Z powodu przygn\u0119bienia mia\u0142em ochot\u0119 napi\u0107 si\u0119 czego\u015b mocniejszego i zam\u00f3wi\u0142em grog. Dopija\u0142em swoj\u0105 szklank\u0119, kiedy drzwi otworzy\u0142y si\u0119 i wszed\u0142 kapitan. Wskaza\u0142 na mnie palcem i powiedzia\u0142 kr\u00f3tko: \u2013 Potrzebuj\u0119 jakiego\u015b majtka. Szklanka wypad\u0142a mi z r\u0119ki; pozwoli\u0142em sobie wyrazi\u0107 drobn\u0105 [&hellip;]<\/p>","protected":false},"author":1,"featured_media":0,"parent":0,"menu_order":0,"comment_status":"closed","ping_status":"closed","template":"","meta":{"inline_featured_image":false},"_links":{"self":[{"href":"https:\/\/iza-art.pl\/en\/wp-json\/wp\/v2\/pages\/837"}],"collection":[{"href":"https:\/\/iza-art.pl\/en\/wp-json\/wp\/v2\/pages"}],"about":[{"href":"https:\/\/iza-art.pl\/en\/wp-json\/wp\/v2\/types\/page"}],"author":[{"embeddable":true,"href":"https:\/\/iza-art.pl\/en\/wp-json\/wp\/v2\/users\/1"}],"replies":[{"embeddable":true,"href":"https:\/\/iza-art.pl\/en\/wp-json\/wp\/v2\/comments?post=837"}],"version-history":[{"count":19,"href":"https:\/\/iza-art.pl\/en\/wp-json\/wp\/v2\/pages\/837\/revisions"}],"predecessor-version":[{"id":1622,"href":"https:\/\/iza-art.pl\/en\/wp-json\/wp\/v2\/pages\/837\/revisions\/1622"}],"wp:attachment":[{"href":"https:\/\/iza-art.pl\/en\/wp-json\/wp\/v2\/media?parent=837"}],"curies":[{"name":"wp","href":"https:\/\/api.w.org\/{rel}","templated":true}]}}