{"id":1651,"date":"2020-06-26T16:32:40","date_gmt":"2020-06-26T14:32:40","guid":{"rendered":"http:\/\/iza-art.pl\/?page_id=1651"},"modified":"2020-09-30T18:00:41","modified_gmt":"2020-09-30T16:00:41","slug":"rzezby","status":"publish","type":"page","link":"https:\/\/iza-art.pl\/en\/rzezby\/","title":{"rendered":"Rzezby"},"content":{"rendered":"<div data-elementor-type=\"wp-post\" data-elementor-id=\"1651\" class=\"elementor elementor-1651\">\n\t\t\t\t\t\t<div class=\"elementor-inner\">\n\t\t\t\t<div class=\"elementor-section-wrap\">\n\t\t\t\t\t\t\t\t\t<section class=\"has_eae_slider elementor-section elementor-top-section elementor-element elementor-element-575b6c1 elementor-section-full_width elementor-section-height-min-height elementor-section-items-stretch elementor-section-stretched elementor-section-height-default\" data-id=\"575b6c1\" data-element_type=\"section\" data-settings=\"{&quot;stretch_section&quot;:&quot;section-stretched&quot;,&quot;background_background&quot;:&quot;classic&quot;}\">\n\t\t\t\t\t\t<div class=\"elementor-container elementor-column-gap-no\">\n\t\t\t\t\t\t\t<div class=\"elementor-row\">\n\t\t\t\t\t<div class=\"has_eae_slider elementor-column elementor-col-100 elementor-top-column elementor-element elementor-element-d750742\" data-id=\"d750742\" data-element_type=\"column\">\n\t\t\t<div class=\"elementor-column-wrap elementor-element-populated\">\n\t\t\t\t\t\t\t<div class=\"elementor-widget-wrap\">\n\t\t\t\t\t\t<div class=\"elementor-element elementor-element-76ffecd elementor-widget elementor-widget-text-editor\" data-id=\"76ffecd\" data-element_type=\"widget\" data-widget_type=\"text-editor.default\">\n\t\t\t\t<div class=\"elementor-widget-container\">\n\t\t\t\t\t\t\t\t<div class=\"elementor-text-editor elementor-clearfix\">\n\t\t\t\t<p><span style=\"font-size: 24pt;\">Projekt zrealizowany dla Wadowickiego Centrum Kultury.<\/span><\/p><p>Graficzne opracowanie wydarzenia, jakim by\u0142 wernisa\u017c wystawy rze\u017ab Kazimierza Pa\u017adziory.<\/p>\t\t\t\t\t<\/div>\n\t\t\t\t\t\t<\/div>\n\t\t\t\t<\/div>\n\t\t\t\t<div class=\"elementor-element elementor-element-98ff7a7 elementor-widget-divider--view-line elementor-widget elementor-widget-divider\" data-id=\"98ff7a7\" data-element_type=\"widget\" data-widget_type=\"divider.default\">\n\t\t\t\t<div class=\"elementor-widget-container\">\n\t\t\t\t\t<div class=\"elementor-divider\">\n\t\t\t<span class=\"elementor-divider-separator\">\n\t\t\t\t\t\t<\/span>\n\t\t<\/div>\n\t\t\t\t<\/div>\n\t\t\t\t<\/div>\n\t\t\t\t<div class=\"elementor-element elementor-element-f6ba664 elementor-widget elementor-widget-image\" data-id=\"f6ba664\" data-element_type=\"widget\" data-widget_type=\"image.default\">\n\t\t\t\t<div class=\"elementor-widget-container\">\n\t\t\t\t\t\t\t\t<div class=\"elementor-image\">\n\t\t\t\t\t\t\t\t\t\t\t\t<img decoding=\"async\" width=\"2268\" height=\"2268\" src=\"https:\/\/iza-art.pl\/wp-content\/uploads\/2020\/06\/rzezby.png\" class=\"attachment-full size-full\" alt=\"\" loading=\"lazy\" srcset=\"https:\/\/iza-art.pl\/wp-content\/uploads\/2020\/06\/rzezby.png 2268w, https:\/\/iza-art.pl\/wp-content\/uploads\/2020\/06\/rzezby-300x300.png 300w, https:\/\/iza-art.pl\/wp-content\/uploads\/2020\/06\/rzezby-1024x1024.png 1024w, https:\/\/iza-art.pl\/wp-content\/uploads\/2020\/06\/rzezby-150x150.png 150w, https:\/\/iza-art.pl\/wp-content\/uploads\/2020\/06\/rzezby-768x768.png 768w, https:\/\/iza-art.pl\/wp-content\/uploads\/2020\/06\/rzezby-640x640.png 640w, https:\/\/iza-art.pl\/wp-content\/uploads\/2020\/06\/rzezby-1800x1800.png 1800w, https:\/\/iza-art.pl\/wp-content\/uploads\/2020\/06\/rzezby-1536x1536.png 1536w, https:\/\/iza-art.pl\/wp-content\/uploads\/2020\/06\/rzezby-2048x2048.png 2048w\" sizes=\"(max-width: 2268px) 100vw, 2268px\" \/>\t\t\t\t\t\t\t\t\t\t\t\t\t\t<\/div>\n\t\t\t\t\t\t<\/div>\n\t\t\t\t<\/div>\n\t\t\t\t<div class=\"elementor-element elementor-element-9bf39f8 elementor-widget elementor-widget-image\" data-id=\"9bf39f8\" data-element_type=\"widget\" data-widget_type=\"image.default\">\n\t\t\t\t<div class=\"elementor-widget-container\">\n\t\t\t\t\t\t\t\t<div class=\"elementor-image\">\n\t\t\t\t\t\t\t\t\t\t\t\t<img decoding=\"async\" width=\"1985\" height=\"1418\" src=\"https:\/\/iza-art.pl\/wp-content\/uploads\/2020\/06\/rzezby1.jpg\" class=\"attachment-full size-full\" alt=\"\" loading=\"lazy\" srcset=\"https:\/\/iza-art.pl\/wp-content\/uploads\/2020\/06\/rzezby1.jpg 1985w, https:\/\/iza-art.pl\/wp-content\/uploads\/2020\/06\/rzezby1-300x214.jpg 300w, https:\/\/iza-art.pl\/wp-content\/uploads\/2020\/06\/rzezby1-1024x732.jpg 1024w, https:\/\/iza-art.pl\/wp-content\/uploads\/2020\/06\/rzezby1-768x549.jpg 768w, https:\/\/iza-art.pl\/wp-content\/uploads\/2020\/06\/rzezby1-640x457.jpg 640w, https:\/\/iza-art.pl\/wp-content\/uploads\/2020\/06\/rzezby1-1800x1286.jpg 1800w, https:\/\/iza-art.pl\/wp-content\/uploads\/2020\/06\/rzezby1-1536x1097.jpg 1536w\" sizes=\"(max-width: 1985px) 100vw, 1985px\" \/>\t\t\t\t\t\t\t\t\t\t\t\t\t\t<\/div>\n\t\t\t\t\t\t<\/div>\n\t\t\t\t<\/div>\n\t\t\t\t<div class=\"elementor-element elementor-element-916262b elementor-widget elementor-widget-image\" data-id=\"916262b\" data-element_type=\"widget\" data-widget_type=\"image.default\">\n\t\t\t\t<div class=\"elementor-widget-container\">\n\t\t\t\t\t\t\t\t<div class=\"elementor-image\">\n\t\t\t\t\t\t\t\t\t\t\t\t<img decoding=\"async\" width=\"1985\" height=\"1418\" src=\"https:\/\/iza-art.pl\/wp-content\/uploads\/2020\/06\/rzezby3.jpg\" class=\"attachment-full size-full\" alt=\"\" loading=\"lazy\" srcset=\"https:\/\/iza-art.pl\/wp-content\/uploads\/2020\/06\/rzezby3.jpg 1985w, https:\/\/iza-art.pl\/wp-content\/uploads\/2020\/06\/rzezby3-300x214.jpg 300w, https:\/\/iza-art.pl\/wp-content\/uploads\/2020\/06\/rzezby3-1024x732.jpg 1024w, https:\/\/iza-art.pl\/wp-content\/uploads\/2020\/06\/rzezby3-768x549.jpg 768w, https:\/\/iza-art.pl\/wp-content\/uploads\/2020\/06\/rzezby3-640x457.jpg 640w, https:\/\/iza-art.pl\/wp-content\/uploads\/2020\/06\/rzezby3-1800x1286.jpg 1800w, https:\/\/iza-art.pl\/wp-content\/uploads\/2020\/06\/rzezby3-1536x1097.jpg 1536w\" sizes=\"(max-width: 1985px) 100vw, 1985px\" \/>\t\t\t\t\t\t\t\t\t\t\t\t\t\t<\/div>\n\t\t\t\t\t\t<\/div>\n\t\t\t\t<\/div>\n\t\t\t\t<div class=\"elementor-element elementor-element-a300b45 elementor-widget elementor-widget-image\" data-id=\"a300b45\" data-element_type=\"widget\" data-widget_type=\"image.default\">\n\t\t\t\t<div class=\"elementor-widget-container\">\n\t\t\t\t\t\t\t\t<div class=\"elementor-image\">\n\t\t\t\t\t\t\t\t\t\t\t\t<img decoding=\"async\" width=\"1985\" height=\"1418\" src=\"https:\/\/iza-art.pl\/wp-content\/uploads\/2020\/06\/RZEZBA2.jpg\" class=\"attachment-full size-full\" alt=\"\" loading=\"lazy\" srcset=\"https:\/\/iza-art.pl\/wp-content\/uploads\/2020\/06\/RZEZBA2.jpg 1985w, https:\/\/iza-art.pl\/wp-content\/uploads\/2020\/06\/RZEZBA2-300x214.jpg 300w, https:\/\/iza-art.pl\/wp-content\/uploads\/2020\/06\/RZEZBA2-1024x732.jpg 1024w, https:\/\/iza-art.pl\/wp-content\/uploads\/2020\/06\/RZEZBA2-768x549.jpg 768w, https:\/\/iza-art.pl\/wp-content\/uploads\/2020\/06\/RZEZBA2-640x457.jpg 640w, https:\/\/iza-art.pl\/wp-content\/uploads\/2020\/06\/RZEZBA2-1800x1286.jpg 1800w, https:\/\/iza-art.pl\/wp-content\/uploads\/2020\/06\/RZEZBA2-1536x1097.jpg 1536w\" sizes=\"(max-width: 1985px) 100vw, 1985px\" \/>\t\t\t\t\t\t\t\t\t\t\t\t\t\t<\/div>\n\t\t\t\t\t\t<\/div>\n\t\t\t\t<\/div>\n\t\t\t\t<div class=\"elementor-element elementor-element-e844870 elementor-widget elementor-widget-image\" data-id=\"e844870\" data-element_type=\"widget\" data-widget_type=\"image.default\">\n\t\t\t\t<div class=\"elementor-widget-container\">\n\t\t\t\t\t\t\t\t<div class=\"elementor-image\">\n\t\t\t\t\t\t\t\t\t\t\t\t<img decoding=\"async\" width=\"1985\" height=\"967\" src=\"https:\/\/iza-art.pl\/wp-content\/uploads\/2020\/06\/rzezby-4.jpg\" class=\"attachment-full size-full\" alt=\"\" loading=\"lazy\" srcset=\"https:\/\/iza-art.pl\/wp-content\/uploads\/2020\/06\/rzezby-4.jpg 1985w, https:\/\/iza-art.pl\/wp-content\/uploads\/2020\/06\/rzezby-4-300x146.jpg 300w, https:\/\/iza-art.pl\/wp-content\/uploads\/2020\/06\/rzezby-4-1024x499.jpg 1024w, https:\/\/iza-art.pl\/wp-content\/uploads\/2020\/06\/rzezby-4-768x374.jpg 768w, https:\/\/iza-art.pl\/wp-content\/uploads\/2020\/06\/rzezby-4-640x312.jpg 640w, https:\/\/iza-art.pl\/wp-content\/uploads\/2020\/06\/rzezby-4-1800x877.jpg 1800w, https:\/\/iza-art.pl\/wp-content\/uploads\/2020\/06\/rzezby-4-1536x748.jpg 1536w\" sizes=\"(max-width: 1985px) 100vw, 1985px\" \/>\t\t\t\t\t\t\t\t\t\t\t\t\t\t<\/div>\n\t\t\t\t\t\t<\/div>\n\t\t\t\t<\/div>\n\t\t\t\t<div class=\"elementor-element elementor-element-aad57ae elementor-widget elementor-widget-image\" data-id=\"aad57ae\" data-element_type=\"widget\" data-widget_type=\"image.default\">\n\t\t\t\t<div class=\"elementor-widget-container\">\n\t\t\t\t\t\t\t\t<div class=\"elementor-image\">\n\t\t\t\t\t\t\t\t\t\t\t\t<img decoding=\"async\" width=\"1236\" height=\"637\" src=\"https:\/\/iza-art.pl\/wp-content\/uploads\/2020\/06\/rzezby-ilustr-01.png\" class=\"attachment-full size-full\" alt=\"\" loading=\"lazy\" srcset=\"https:\/\/iza-art.pl\/wp-content\/uploads\/2020\/06\/rzezby-ilustr-01.png 1236w, https:\/\/iza-art.pl\/wp-content\/uploads\/2020\/06\/rzezby-ilustr-01-300x155.png 300w, https:\/\/iza-art.pl\/wp-content\/uploads\/2020\/06\/rzezby-ilustr-01-1024x528.png 1024w, https:\/\/iza-art.pl\/wp-content\/uploads\/2020\/06\/rzezby-ilustr-01-768x396.png 768w, https:\/\/iza-art.pl\/wp-content\/uploads\/2020\/06\/rzezby-ilustr-01-640x330.png 640w\" sizes=\"(max-width: 1236px) 100vw, 1236px\" \/>\t\t\t\t\t\t\t\t\t\t\t\t\t\t<\/div>\n\t\t\t\t\t\t<\/div>\n\t\t\t\t<\/div>\n\t\t\t\t\t\t<\/div>\n\t\t\t\t\t<\/div>\n\t\t<\/div>\n\t\t\t\t\t\t\t\t<\/div>\n\t\t\t\t\t<\/div>\n\t\t<\/section>\n\t\t\t\t\t\t\t\t\t<\/div>\n\t\t\t<\/div>\n\t\t\t\t\t<\/div>","protected":false},"excerpt":{"rendered":"<p>Projekt zrealizowany dla Wadowickiego Centrum Kultury. Graficzne opracowanie wydarzenia, jakim by\u0142 wernisa\u017c wystawy rze\u017ab Kazimierza Pa\u017adziory.<\/p>","protected":false},"author":1,"featured_media":0,"parent":0,"menu_order":0,"comment_status":"closed","ping_status":"closed","template":"","meta":{"inline_featured_image":false},"_links":{"self":[{"href":"https:\/\/iza-art.pl\/en\/wp-json\/wp\/v2\/pages\/1651"}],"collection":[{"href":"https:\/\/iza-art.pl\/en\/wp-json\/wp\/v2\/pages"}],"about":[{"href":"https:\/\/iza-art.pl\/en\/wp-json\/wp\/v2\/types\/page"}],"author":[{"embeddable":true,"href":"https:\/\/iza-art.pl\/en\/wp-json\/wp\/v2\/users\/1"}],"replies":[{"embeddable":true,"href":"https:\/\/iza-art.pl\/en\/wp-json\/wp\/v2\/comments?post=1651"}],"version-history":[{"count":40,"href":"https:\/\/iza-art.pl\/en\/wp-json\/wp\/v2\/pages\/1651\/revisions"}],"predecessor-version":[{"id":1972,"href":"https:\/\/iza-art.pl\/en\/wp-json\/wp\/v2\/pages\/1651\/revisions\/1972"}],"wp:attachment":[{"href":"https:\/\/iza-art.pl\/en\/wp-json\/wp\/v2\/media?parent=1651"}],"curies":[{"name":"wp","href":"https:\/\/api.w.org\/{rel}","templated":true}]}}