{"id":1148,"date":"2018-06-05T02:48:14","date_gmt":"2018-06-05T00:48:14","guid":{"rendered":"http:\/\/iza-art.pl\/?page_id=1148"},"modified":"2021-10-18T14:40:38","modified_gmt":"2021-10-18T12:40:38","slug":"grafika-wydawnicza","status":"publish","type":"page","link":"http:\/\/iza-art.pl\/en\/grafika-wydawnicza\/","title":{"rendered":"Publishing graphics"},"content":{"rendered":"<div data-elementor-type=\"wp-post\" data-elementor-id=\"1148\" class=\"elementor elementor-1148\">\n\t\t\t\t\t\t<div class=\"elementor-inner\">\n\t\t\t\t<div class=\"elementor-section-wrap\">\n\t\t\t\t\t\t\t\t\t<section class=\"has_eae_slider elementor-section elementor-top-section elementor-element elementor-element-2c3de3b6 elementor-section-items-stretch elementor-section-stretched elementor-section-height-min-height elementor-section-full_width elementor-section-height-default\" data-id=\"2c3de3b6\" data-element_type=\"section\" data-settings=\"{&quot;background_background&quot;:&quot;classic&quot;,&quot;stretch_section&quot;:&quot;section-stretched&quot;}\">\n\t\t\t\t\t\t\t<div class=\"elementor-background-overlay\"><\/div>\n\t\t\t\t\t\t\t<div class=\"elementor-container elementor-column-gap-no\">\n\t\t\t\t\t\t\t<div class=\"elementor-row\">\n\t\t\t\t\t<div class=\"has_eae_slider elementor-column elementor-col-100 elementor-top-column elementor-element elementor-element-40b8c79b\" data-id=\"40b8c79b\" data-element_type=\"column\">\n\t\t\t<div class=\"elementor-column-wrap elementor-element-populated\">\n\t\t\t\t\t\t\t<div class=\"elementor-widget-wrap\">\n\t\t\t\t\t\t<div class=\"elementor-element elementor-element-73b31bdb elementor-widget elementor-widget-text-editor\" data-id=\"73b31bdb\" data-element_type=\"widget\" data-widget_type=\"text-editor.default\">\n\t\t\t\t<div class=\"elementor-widget-container\">\n\t\t\t\t\t\t\t\t<div class=\"elementor-text-editor elementor-clearfix\">\n\t\t\t\t<p><span style=\"font-size: 18pt;\"><span style=\"font-family: Quicksand, sans-serif; font-style: normal; font-variant-ligatures: normal; font-variant-caps: normal; font-weight: 400;\">Magazines spread<\/span>\u00a0and front covers of existing fashion magazines.<\/span><\/p>\t\t\t\t\t<\/div>\n\t\t\t\t\t\t<\/div>\n\t\t\t\t<\/div>\n\t\t\t\t<div class=\"elementor-element elementor-element-1b27234 elementor-widget elementor-widget-image\" data-id=\"1b27234\" data-element_type=\"widget\" data-widget_type=\"image.default\">\n\t\t\t\t<div class=\"elementor-widget-container\">\n\t\t\t\t\t\t\t\t<div class=\"elementor-image\">\n\t\t\t\t\t\t\t\t\t\t\t\t<img decoding=\"async\" width=\"1400\" height=\"990\" src=\"https:\/\/iza-art.pl\/wp-content\/uploads\/2018\/06\/graf-wyd-2.jpg\" class=\"attachment-full size-full\" alt=\"\" loading=\"lazy\" srcset=\"https:\/\/iza-art.pl\/wp-content\/uploads\/2018\/06\/graf-wyd-2.jpg 1400w, https:\/\/iza-art.pl\/wp-content\/uploads\/2018\/06\/graf-wyd-2-300x212.jpg 300w, https:\/\/iza-art.pl\/wp-content\/uploads\/2018\/06\/graf-wyd-2-768x543.jpg 768w, https:\/\/iza-art.pl\/wp-content\/uploads\/2018\/06\/graf-wyd-2-1024x724.jpg 1024w, https:\/\/iza-art.pl\/wp-content\/uploads\/2018\/06\/graf-wyd-2-640x453.jpg 640w\" sizes=\"(max-width: 1400px) 100vw, 1400px\" \/>\t\t\t\t\t\t\t\t\t\t\t\t\t\t<\/div>\n\t\t\t\t\t\t<\/div>\n\t\t\t\t<\/div>\n\t\t\t\t<div class=\"elementor-element elementor-element-664ee333 elementor-widget elementor-widget-image\" data-id=\"664ee333\" data-element_type=\"widget\" data-widget_type=\"image.default\">\n\t\t\t\t<div class=\"elementor-widget-container\">\n\t\t\t\t\t\t\t\t<div class=\"elementor-image\">\n\t\t\t\t\t\t\t\t\t\t\t\t<img decoding=\"async\" width=\"1400\" height=\"990\" src=\"https:\/\/iza-art.pl\/wp-content\/uploads\/2018\/06\/graf-wyd-1.jpg\" class=\"attachment-full size-full\" alt=\"\" loading=\"lazy\" srcset=\"https:\/\/iza-art.pl\/wp-content\/uploads\/2018\/06\/graf-wyd-1.jpg 1400w, https:\/\/iza-art.pl\/wp-content\/uploads\/2018\/06\/graf-wyd-1-300x212.jpg 300w, https:\/\/iza-art.pl\/wp-content\/uploads\/2018\/06\/graf-wyd-1-768x543.jpg 768w, https:\/\/iza-art.pl\/wp-content\/uploads\/2018\/06\/graf-wyd-1-1024x724.jpg 1024w, https:\/\/iza-art.pl\/wp-content\/uploads\/2018\/06\/graf-wyd-1-640x453.jpg 640w\" sizes=\"(max-width: 1400px) 100vw, 1400px\" \/>\t\t\t\t\t\t\t\t\t\t\t\t\t\t<\/div>\n\t\t\t\t\t\t<\/div>\n\t\t\t\t<\/div>\n\t\t\t\t<div class=\"elementor-element elementor-element-61f9f970 elementor-widget elementor-widget-image\" data-id=\"61f9f970\" data-element_type=\"widget\" data-widget_type=\"image.default\">\n\t\t\t\t<div class=\"elementor-widget-container\">\n\t\t\t\t\t\t\t\t<div class=\"elementor-image\">\n\t\t\t\t\t\t\t\t\t\t\t\t<img decoding=\"async\" width=\"1100\" height=\"1547\" src=\"https:\/\/iza-art.pl\/wp-content\/uploads\/2018\/06\/okladka1-1.jpg\" class=\"attachment-full size-full\" alt=\"\" loading=\"lazy\" srcset=\"https:\/\/iza-art.pl\/wp-content\/uploads\/2018\/06\/okladka1-1.jpg 1100w, https:\/\/iza-art.pl\/wp-content\/uploads\/2018\/06\/okladka1-1-213x300.jpg 213w, https:\/\/iza-art.pl\/wp-content\/uploads\/2018\/06\/okladka1-1-768x1080.jpg 768w, https:\/\/iza-art.pl\/wp-content\/uploads\/2018\/06\/okladka1-1-728x1024.jpg 728w, https:\/\/iza-art.pl\/wp-content\/uploads\/2018\/06\/okladka1-1-640x900.jpg 640w\" sizes=\"(max-width: 1100px) 100vw, 1100px\" \/>\t\t\t\t\t\t\t\t\t\t\t\t\t\t<\/div>\n\t\t\t\t\t\t<\/div>\n\t\t\t\t<\/div>\n\t\t\t\t<div class=\"elementor-element elementor-element-2a0cfe96 elementor-widget elementor-widget-image\" data-id=\"2a0cfe96\" data-element_type=\"widget\" data-widget_type=\"image.default\">\n\t\t\t\t<div class=\"elementor-widget-container\">\n\t\t\t\t\t\t\t\t<div class=\"elementor-image\">\n\t\t\t\t\t\t\t\t\t\t\t\t<img decoding=\"async\" width=\"1000\" height=\"1406\" src=\"https:\/\/iza-art.pl\/wp-content\/uploads\/2018\/06\/okladka2.jpg\" class=\"attachment-full size-full\" alt=\"\" loading=\"lazy\" srcset=\"https:\/\/iza-art.pl\/wp-content\/uploads\/2018\/06\/okladka2.jpg 1000w, https:\/\/iza-art.pl\/wp-content\/uploads\/2018\/06\/okladka2-213x300.jpg 213w, https:\/\/iza-art.pl\/wp-content\/uploads\/2018\/06\/okladka2-768x1080.jpg 768w, https:\/\/iza-art.pl\/wp-content\/uploads\/2018\/06\/okladka2-728x1024.jpg 728w, https:\/\/iza-art.pl\/wp-content\/uploads\/2018\/06\/okladka2-640x900.jpg 640w\" sizes=\"(max-width: 1000px) 100vw, 1000px\" \/>\t\t\t\t\t\t\t\t\t\t\t\t\t\t<\/div>\n\t\t\t\t\t\t<\/div>\n\t\t\t\t<\/div>\n\t\t\t\t<div class=\"elementor-element elementor-element-7512580d elementor-widget-divider--view-line elementor-widget elementor-widget-divider\" data-id=\"7512580d\" data-element_type=\"widget\" data-widget_type=\"divider.default\">\n\t\t\t\t<div class=\"elementor-widget-container\">\n\t\t\t\t\t<div class=\"elementor-divider\">\n\t\t\t<span class=\"elementor-divider-separator\">\n\t\t\t\t\t\t<\/span>\n\t\t<\/div>\n\t\t\t\t<\/div>\n\t\t\t\t<\/div>\n\t\t\t\t\t\t<\/div>\n\t\t\t\t\t<\/div>\n\t\t<\/div>\n\t\t\t\t\t\t\t\t<\/div>\n\t\t\t\t\t<\/div>\n\t\t<\/section>\n\t\t\t\t\t\t\t\t\t<\/div>\n\t\t\t<\/div>\n\t\t\t\t\t<\/div>","protected":false},"excerpt":{"rendered":"<p>Rozk\u0142ad\u00f3wki magazynu\u00a0oraz ok\u0142adki istniej\u0105cych gazet odzie\u017cowych<\/p>","protected":false},"author":1,"featured_media":0,"parent":0,"menu_order":0,"comment_status":"closed","ping_status":"closed","template":"","meta":{"inline_featured_image":false},"_links":{"self":[{"href":"http:\/\/iza-art.pl\/en\/wp-json\/wp\/v2\/pages\/1148"}],"collection":[{"href":"http:\/\/iza-art.pl\/en\/wp-json\/wp\/v2\/pages"}],"about":[{"href":"http:\/\/iza-art.pl\/en\/wp-json\/wp\/v2\/types\/page"}],"author":[{"embeddable":true,"href":"http:\/\/iza-art.pl\/en\/wp-json\/wp\/v2\/users\/1"}],"replies":[{"embeddable":true,"href":"http:\/\/iza-art.pl\/en\/wp-json\/wp\/v2\/comments?post=1148"}],"version-history":[{"count":13,"href":"http:\/\/iza-art.pl\/en\/wp-json\/wp\/v2\/pages\/1148\/revisions"}],"predecessor-version":[{"id":2265,"href":"http:\/\/iza-art.pl\/en\/wp-json\/wp\/v2\/pages\/1148\/revisions\/2265"}],"wp:attachment":[{"href":"http:\/\/iza-art.pl\/en\/wp-json\/wp\/v2\/media?parent=1148"}],"curies":[{"name":"wp","href":"https:\/\/api.w.org\/{rel}","templated":true}]}}